{"id":510,"date":"2018-03-09T11:44:45","date_gmt":"2018-03-09T10:44:45","guid":{"rendered":"http:\/\/edaviation.net\/es\/?page_id=510"},"modified":"2023-09-14T16:52:59","modified_gmt":"2023-09-14T14:52:59","slug":"ingenieria","status":"publish","type":"page","link":"https:\/\/edaviation.net\/es\/ingenieria\/","title":{"rendered":"Ingenier\u00eda"},"content":{"rendered":"<p>[et_pb_section bb_built=\u00bb1&#8243; fullwidth=\u00bbon\u00bb specialty=\u00bboff\u00bb _builder_version=\u00bb3.0.101&#8243; background_image=\u00bbhttps:\/\/edaviation.net\/es\/wp-content\/uploads\/2018\/04\/EdAviation-banner-ingenieria.jpg\u00bb next_background_color=\u00bb#000000&#8243; use_background_color_gradient=\u00bbon\u00bb background_color_gradient_start=\u00bbrgba(13,53,40,0.65)\u00bb background_color_gradient_end=\u00bbrgba(13,53,40,0.65)\u00bb background_color_gradient_overlays_image=\u00bbon\u00bb][et_pb_fullwidth_header _builder_version=\u00bb3.0.101&#8243; text_orientation=\u00bbcenter\u00bb header_fullscreen=\u00bboff\u00bb header_scroll_down=\u00bboff\u00bb image_orientation=\u00bbcenter\u00bb background_layout=\u00bblight\u00bb content_orientation=\u00bbcenter\u00bb custom_button_one=\u00bboff\u00bb button_one_icon_placement=\u00bbright\u00bb custom_button_two=\u00bboff\u00bb button_two_icon_placement=\u00bbright\u00bb title=\u00bb \u00bb disabled=\u00bboff\u00bb disabled_on=\u00bbon|on|\u00bb \/][et_pb_fullwidth_header admin_label=\u00bbT\u00edtulo de anchura completa M\u00d3VIL\u00bb _builder_version=\u00bb3.0.101&#8243; text_orientation=\u00bbleft\u00bb header_fullscreen=\u00bboff\u00bb header_scroll_down=\u00bboff\u00bb image_orientation=\u00bbcenter\u00bb background_layout=\u00bblight\u00bb content_orientation=\u00bbcenter\u00bb custom_button_one=\u00bboff\u00bb button_one_icon_placement=\u00bbright\u00bb custom_button_two=\u00bboff\u00bb button_two_icon_placement=\u00bbright\u00bb disabled=\u00bboff\u00bb disabled_on=\u00bb||on\u00bb saved_tabs=\u00bball\u00bb]<\/p>\n<h1 id=\"titulo-movil\">Ingenier\u00eda<\/h1>\n<p>[\/et_pb_fullwidth_header][\/et_pb_section][et_pb_section bb_built=\u00bb1&#8243; fullwidth=\u00bbon\u00bb specialty=\u00bboff\u00bb _builder_version=\u00bb3.0.101&#8243; custom_margin=\u00bb0px|0px|0px|0px\u00bb custom_padding=\u00bb0px|0px|0px|0px\u00bb prev_background_color=\u00bb#000000&#8243; next_background_color=\u00bb#000000&#8243; disabled=\u00bboff\u00bb disabled_on=\u00bb||on\u00bb][et_pb_fullwidth_header admin_label=\u00bbTexto introductorio\u00bb _builder_version=\u00bb3.0.101&#8243; text_orientation=\u00bbjustified\u00bb header_fullscreen=\u00bboff\u00bb header_scroll_down=\u00bboff\u00bb image_orientation=\u00bbcenter\u00bb background_layout=\u00bblight\u00bb content_orientation=\u00bbcenter\u00bb custom_button_one=\u00bboff\u00bb button_one_icon_placement=\u00bbright\u00bb custom_button_two=\u00bboff\u00bb button_two_icon_placement=\u00bbright\u00bb]<\/p>\n<h2 style=\"text-align: center;\">El mejor servicio de ingenier\u00eda<\/h2>\n<p style=\"text-align: center;\">ED AVIATION ofrece consultor\u00eda de mantenimiento, documentaci\u00f3n, f\u00edsica y gesti\u00f3n de proyectos.<\/p>\n<p>[\/et_pb_fullwidth_header][\/et_pb_section][et_pb_section bb_built=\u00bb1&#8243; fullwidth=\u00bboff\u00bb specialty=\u00bboff\u00bb _builder_version=\u00bb3.0.101&#8243; custom_margin=\u00bb0px|0px|0px|0px\u00bb custom_padding=\u00bb30px|0px|0px|0px\u00bb disabled=\u00bboff\u00bb disabled_on=\u00bbon|on|\u00bb custom_margin_last_edited=\u00bbon|desktop\u00bb custom_padding_last_edited=\u00bbon|desktop\u00bb prev_background_color=\u00bb#000000&#8243; next_background_color=\u00bb#000000&#8243; background_image=\u00bbhttps:\/\/edaviation.net\/es\/wp-content\/uploads\/2018\/01\/EdAviation-repuestos-para-aviones-valencia-sobre-nosotros-1.png\u00bb][et_pb_row _builder_version=\u00bb3.0.101&#8243; module_alignment=\u00bbcenter\u00bb make_fullwidth=\u00bbon\u00bb custom_margin=\u00bb30px||30px|\u00bb][et_pb_column type=\u00bb4_4&#8243;][et_pb_text _builder_version=\u00bb3.0.101&#8243; background_layout=\u00bblight\u00bb]<\/p>\n<h2 style=\"text-align: center;\">El mejor servicio de ingenier\u00eda<\/h2>\n<p style=\"text-align: center;\">ED AVIATION ofrece consultor\u00eda de mantenimiento, documentaci\u00f3n, f\u00edsica y gesti\u00f3n de proyectos.<\/p>\n<p>[\/et_pb_text][\/et_pb_column][\/et_pb_row][et_pb_row _builder_version=\u00bb3.0.98&#8243; make_fullwidth=\u00bbon\u00bb use_custom_gutter=\u00bbon\u00bb gutter_width=\u00bb1&#8243; make_equal=\u00bbon\u00bb custom_margin=\u00bb0px|0px|0px|0px\u00bb custom_padding=\u00bb0px|0px|0px|0px\u00bb disabled=\u00bboff\u00bb disabled_on=\u00bboff|off|\u00bb padding_top_2=\u00bb50px\u00bb padding_right_2=\u00bb100px\u00bb padding_bottom_2=\u00bb50px\u00bb padding_left_2=\u00bb100px\u00bb padding_2_tablet=\u00bb0px|0px|0px|0px\u00bb padding_2_last_edited=\u00bbon|tablet\u00bb custom_margin_last_edited=\u00bbon|tablet\u00bb custom_padding_last_edited=\u00bbon|tablet\u00bb][et_pb_column type=\u00bb1_2&#8243;][et_pb_image _builder_version=\u00bb3.0.101&#8243; src=\u00bbhttps:\/\/edaviation.net\/es\/wp-content\/uploads\/2018\/03\/EdAviation-repuestos-para-aviones-Valencia-ingenieria-management.jpg\u00bb show_in_lightbox=\u00bboff\u00bb url_new_window=\u00bboff\u00bb use_overlay=\u00bboff\u00bb always_center_on_mobile=\u00bbon\u00bb force_fullwidth=\u00bbon\u00bb show_bottom_space=\u00bbon\u00bb align=\u00bbleft\u00bb \/][\/et_pb_column][et_pb_column type=\u00bb1_2&#8243;][et_pb_text _builder_version=\u00bb3.0.101&#8243; background_layout=\u00bblight\u00bb]<\/p>\n<h3 class=\"black-underline\">Proveemos servicios de calidad<\/h3>\n<p>Soporte en la adquisici\u00f3n \/ leasing de aeronaves, asesoramiento en la negociaci\u00f3n de condiciones y contratos para lease. Apoyamos y representamos a nuestros cliente en los procesos de deliveries o redeliveries de la aeronaves.<\/p>\n<p>[\/et_pb_text][et_pb_text admin_label=\u00bbManagement\u00bb _builder_version=\u00bb3.0.101&#8243; background_layout=\u00bblight\u00bb custom_margin=\u00bb50px|||\u00bb disabled=\u00bboff\u00bb disabled_on=\u00bbon|on|off\u00bb]<\/p>\n<h3 class=\"black-underline\">An\u00e1lisis integral de costos para Aerol\u00edneas y Operadores.<\/h3>\n<p style=\"text-align: justify;\">Realizamos y tenemos amplia experiencia en dise\u00f1o de planes de negocios a mediano y\u00a0largo plazo para aerol\u00edneas. Ayudando a<br \/>\nmaximizar sus ganancias.<br \/>\nPara esto contamos con un grupo de ingenieros especializados en econom\u00eda y finanzas en la industria aerocomercial. Ellos podr\u00e1n trabajar en el an\u00e1lisis estructural de la compa\u00f1\u00eda.<\/p>\n<ul>\n<li>Impacto y an\u00e1lisis de costos de mantenimiento<\/li>\n<li>Costos operaci\u00f3n de la aeronave.<\/li>\n<li>KEY Factor ANALISIS y generaci\u00f3n de indicadores.<\/li>\n<li>Reducci\u00f3n de eventos de mantenimiento generados por desviaciones en los procedimiento de operaci\u00f3n.<\/li>\n<\/ul>\n<p>[\/et_pb_text][\/et_pb_column][\/et_pb_row][et_pb_row _builder_version=\u00bb3.0.101&#8243; make_fullwidth=\u00bbon\u00bb use_custom_gutter=\u00bbon\u00bb gutter_width=\u00bb1&#8243; make_equal=\u00bbon\u00bb custom_margin=\u00bb0px|0px|0px|0px\u00bb custom_padding=\u00bb0px|0px|0px|0px\u00bb disabled=\u00bboff\u00bb disabled_on=\u00bboff|off|\u00bb padding_2_tablet=\u00bb0px|0px|0px|0px\u00bb padding_2_last_edited=\u00bbon|desktop\u00bb custom_margin_last_edited=\u00bbon|desktop\u00bb custom_padding_last_edited=\u00bbon|desktop\u00bb padding_top_1=\u00bb50px\u00bb padding_right_1=\u00bb100px\u00bb padding_bottom_1=\u00bb50px\u00bb padding_left_1=\u00bb100px\u00bb padding_1_last_edited=\u00bbon|\u00bb][et_pb_column type=\u00bb1_2&#8243;][et_pb_text _builder_version=\u00bb3.0.101&#8243; background_layout=\u00bblight\u00bb]<\/p>\n<h3 class=\"black-underline\">Production support para MRO<\/h3>\n<p>Planificaci\u00f3n en mantenimiento mayor y optimizaci\u00f3n de las l\u00edneas de producci\u00f3n.<\/p>\n<p>Mediante un claro y detallado diagrama de flujo de la producci\u00f3n y utilizando interfaces gr\u00e1ficas avanzadas combinado con\u00a0 softwares especializados. Podremos diagramar detalladamente toda la evoluci\u00f3n de la inspecci\u00f3n, determinar claramente el camino critico de cada proyecto, minimizando al m\u00e1ximo, las demoras y desviaciones de la fecha de finalizaci\u00f3n del proceso de mantenimiento. Nuestra compa\u00f1\u00eda cuenta y trabaja con una muy extensa base de datos en inspecciones mayores de aeronaves:<\/p>\n<ul>\n<li>Airbus A330<\/li>\n<li>Airbus A320<\/li>\n<li>Boeing B737 NG<\/li>\n<\/ul>\n<p>Esto nos permite proporcionar:\u00a0M\u00e1xima precisi\u00f3n en el c\u00e1lculo de la cantidad de mano de obra, logrando una gran exactitud en las cotizaciones de cada una de las inspecciones para los MROs que soportamos.\u00a0Determinar preventivamente las novedades t\u00edpicas de cada inspecci\u00f3n y tomar acciones anticipadamente, as\u00ed logramos minimizar las desviaciones en la planificaci\u00f3n.<\/p>\n<p>[\/et_pb_text][\/et_pb_column][et_pb_column type=\u00bb1_2&#8243;][et_pb_image _builder_version=\u00bb3.0.101&#8243; src=\u00bbhttps:\/\/edaviation.net\/es\/wp-content\/uploads\/2018\/06\/EdAviation-repuestos-para-aviones-valencia-ingenieria-2.jpg\u00bb show_in_lightbox=\u00bboff\u00bb url_new_window=\u00bboff\u00bb use_overlay=\u00bboff\u00bb always_center_on_mobile=\u00bbon\u00bb force_fullwidth=\u00bbon\u00bb show_bottom_space=\u00bbon\u00bb align=\u00bbleft\u00bb \/][\/et_pb_column][\/et_pb_row][\/et_pb_section][et_pb_section bb_built=\u00bb1&#8243; fullwidth=\u00bboff\u00bb specialty=\u00bboff\u00bb _builder_version=\u00bb3.0.98&#8243; disabled=\u00bboff\u00bb disabled_on=\u00bb||on\u00bb custom_padding=\u00bb0px||0px|\u00bb prev_background_color=\u00bb#000000&#8243;][et_pb_row _builder_version=\u00bb3.0.98&#8243; custom_margin=\u00bb0px|||\u00bb][et_pb_column type=\u00bb4_4&#8243;][et_pb_image admin_label=\u00bbImagen (BLOQUE VERSI\u00d3N M\u00d3VIL)\u00bb _builder_version=\u00bb3.0.101&#8243; src=\u00bbhttps:\/\/edaviation.net\/es\/wp-content\/uploads\/2018\/03\/EdAviation-repuestos-para-aviones-Valencia-ingenieria-management.jpg\u00bb show_in_lightbox=\u00bboff\u00bb url_new_window=\u00bboff\u00bb use_overlay=\u00bboff\u00bb always_center_on_mobile=\u00bbon\u00bb force_fullwidth=\u00bbon\u00bb show_bottom_space=\u00bbon\u00bb align=\u00bbleft\u00bb \/][et_pb_text _builder_version=\u00bb3.0.101&#8243; background_layout=\u00bblight\u00bb]<\/p>\n<h3 class=\"black-underline\">Proveemos servicios de calidad<\/h3>\n<p>Soporte en la adquisici\u00f3n \/ leasing de aeronaves, asesoramiento en la negociaci\u00f3n de condiciones y contratos para lease. Apoyamos y representamos a nuestros cliente en los procesos de deliveries o redeliveries de la aeronaves.<\/p>\n<p>[\/et_pb_text][et_pb_text admin_label=\u00bbManagement\u00bb _builder_version=\u00bb3.0.101&#8243; background_layout=\u00bblight\u00bb custom_margin=\u00bb50px|||\u00bb disabled=\u00bboff\u00bb disabled_on=\u00bboff|off|off\u00bb]<\/p>\n<h3 class=\"black-underline\">An\u00e1lisis integral de costos para Aerol\u00edneas y Operadores.<\/h3>\n<p style=\"text-align: justify;\">Realizamos y tenemos amplia experiencia en dise\u00f1o de planes de negocios a mediano y\u00a0largo plazo para aerol\u00edneas. Ayudando a<br \/>\nmaximizar sus ganancias.<br \/>\nPara esto contamos con un grupo de ingenieros especializados en econom\u00eda y finanzas en la industria aerocomercial. Ellos podr\u00e1n trabajar en el an\u00e1lisis estructural de la compa\u00f1\u00eda.<\/p>\n<ul>\n<li>Impacto y an\u00e1lisis de costos de mantenimiento<\/li>\n<li>Costos operaci\u00f3n de la aeronave.<\/li>\n<li>KEY Factor ANALISIS y generaci\u00f3n de indicadores.<\/li>\n<li>Reducci\u00f3n de eventos de mantenimiento generados por desviaciones en los procedimiento de operaci\u00f3n.<\/li>\n<\/ul>\n<p>[\/et_pb_text][et_pb_image admin_label=\u00bbImagen (BLOQUE VERSI\u00d3N M\u00d3VIL)\u00bb _builder_version=\u00bb3.0.101&#8243; src=\u00bbhttps:\/\/edaviation.net\/es\/wp-content\/uploads\/2018\/06\/EdAviation-repuestos-para-aviones-valencia-ingenieria-2.jpg\u00bb show_in_lightbox=\u00bboff\u00bb url_new_window=\u00bboff\u00bb use_overlay=\u00bboff\u00bb always_center_on_mobile=\u00bbon\u00bb force_fullwidth=\u00bbon\u00bb show_bottom_space=\u00bbon\u00bb align=\u00bbleft\u00bb \/][et_pb_text _builder_version=\u00bb3.0.101&#8243; background_layout=\u00bblight\u00bb]<\/p>\n<h3 class=\"black-underline\">Production support para MRO<\/h3>\n<p>Planificaci\u00f3n en mantenimiento mayor y optimizaci\u00f3n de las l\u00edneas de producci\u00f3n.<\/p>\n<p>Mediante un claro y detallado diagrama de flujo de la producci\u00f3n y utilizando interfaces gr\u00e1ficas avanzadas combinado con\u00a0 softwares especializados. Podremos diagramar detalladamente toda la evoluci\u00f3n de la inspecci\u00f3n, determinar claramente el camino critico de cada proyecto, minimizando al m\u00e1ximo, las demoras y desviaciones de la fecha de finalizaci\u00f3n del proceso de mantenimiento. Nuestra compa\u00f1\u00eda cuenta y trabaja con una muy extensa base de datos en inspecciones mayores de aeronaves:<\/p>\n<ul>\n<li>Airbus A330<\/li>\n<li>Airbus A320<\/li>\n<li>Boeing B737 NG<\/li>\n<\/ul>\n<p>Esto nos permite proporcionar:\u00a0M\u00e1xima precisi\u00f3n en el c\u00e1lculo de la cantidad de mano de obra, logrando una gran exactitud en las cotizaciones de cada una de las inspecciones para los MROs que soportamos.\u00a0Determinar preventivamente las novedades t\u00edpicas de cada inspecci\u00f3n y tomar acciones anticipadamente, as\u00ed logramos minimizar las desviaciones en la planificaci\u00f3n.<\/p>\n<p>[\/et_pb_text][\/et_pb_column][\/et_pb_row][\/et_pb_section]<\/p>\n","protected":false},"excerpt":{"rendered":"<p>[et_pb_section bb_built=\u00bb1&#8243; fullwidth=\u00bbon\u00bb specialty=\u00bboff\u00bb _builder_version=\u00bb3.0.101&#8243; background_image=\u00bbhttps:\/\/edaviation.net\/es\/wp-content\/uploads\/2018\/04\/EdAviation-banner-ingenieria.jpg\u00bb next_background_color=\u00bb#000000&#8243; use_background_color_gradient=\u00bbon\u00bb background_color_gradient_start=\u00bbrgba(13,53,40,0.65)\u00bb background_color_gradient_end=\u00bbrgba(13,53,40,0.65)\u00bb background_color_gradient_overlays_image=\u00bbon\u00bb][et_pb_fullwidth_header _builder_version=\u00bb3.0.101&#8243; text_orientation=\u00bbcenter\u00bb header_fullscreen=\u00bboff\u00bb header_scroll_down=\u00bboff\u00bb image_orientation=\u00bbcenter\u00bb background_layout=\u00bblight\u00bb content_orientation=\u00bbcenter\u00bb custom_button_one=\u00bboff\u00bb button_one_icon_placement=\u00bbright\u00bb custom_button_two=\u00bboff\u00bb button_two_icon_placement=\u00bbright\u00bb title=\u00bb \u00bb disabled=\u00bboff\u00bb disabled_on=\u00bbon|on|\u00bb \/][et_pb_fullwidth_header admin_label=\u00bbT\u00edtulo de anchura completa M\u00d3VIL\u00bb _builder_version=\u00bb3.0.101&#8243; text_orientation=\u00bbleft\u00bb header_fullscreen=\u00bboff\u00bb header_scroll_down=\u00bboff\u00bb image_orientation=\u00bbcenter\u00bb background_layout=\u00bblight\u00bb content_orientation=\u00bbcenter\u00bb custom_button_one=\u00bboff\u00bb button_one_icon_placement=\u00bbright\u00bb custom_button_two=\u00bboff\u00bb button_two_icon_placement=\u00bbright\u00bb disabled=\u00bboff\u00bb disabled_on=\u00bb||on\u00bb saved_tabs=\u00bball\u00bb] Ingenier\u00eda [\/et_pb_fullwidth_header][\/et_pb_section][et_pb_section bb_built=\u00bb1&#8243; fullwidth=\u00bbon\u00bb specialty=\u00bboff\u00bb _builder_version=\u00bb3.0.101&#8243; custom_margin=\u00bb0px|0px|0px|0px\u00bb custom_padding=\u00bb0px|0px|0px|0px\u00bb prev_background_color=\u00bb#000000&#8243; [&hellip;]<\/p>\n","protected":false},"author":1,"featured_media":0,"parent":0,"menu_order":0,"comment_status":"closed","ping_status":"closed","template":"","meta":{"footnotes":""},"class_list":["post-510","page","type-page","status-publish","hentry"],"yoast_head":"<!-- This site is optimized with the Yoast SEO plugin v24.2 - https:\/\/yoast.com\/wordpress\/plugins\/seo\/ -->\n<title>Ingenier\u00eda ED Aviation | Servicio de Consultor\u00eda Industria Aeron\u00e1utica<\/title>\n<meta name=\"description\" content=\"Servicio de ingenier\u00eda en ED Aviation. Ofrecemos soporte en la adquisici\u00f3n \/ leasing de aeronaves, asesoramiento en la negociaci\u00f3n de condiciones y contratos para lease.\" \/>\n<meta name=\"robots\" content=\"noindex, follow, max-snippet:-1, max-image-preview:large, max-video-preview:-1\" \/>\n<meta property=\"og:locale\" content=\"es_ES\" \/>\n<meta property=\"og:type\" content=\"article\" \/>\n<meta property=\"og:title\" content=\"Ingenier\u00eda ED Aviation | Servicio de Consultor\u00eda Industria Aeron\u00e1utica\" \/>\n<meta property=\"og:description\" content=\"Servicio de ingenier\u00eda en ED Aviation. Ofrecemos soporte en la adquisici\u00f3n \/ leasing de aeronaves, asesoramiento en la negociaci\u00f3n de condiciones y contratos para lease.\" \/>\n<meta property=\"og:url\" content=\"https:\/\/edaviation.net\/es\/ingenieria\/\" \/>\n<meta property=\"og:site_name\" content=\"ED Aviation\" \/>\n<meta property=\"article:modified_time\" content=\"2023-09-14T14:52:59+00:00\" \/>\n<meta name=\"twitter:card\" content=\"summary_large_image\" \/>\n<meta name=\"twitter:label1\" content=\"Tiempo de lectura\" \/>\n\t<meta name=\"twitter:data1\" content=\"7 minutos\" \/>\n<script type=\"application\/ld+json\" class=\"yoast-schema-graph\">{\"@context\":\"https:\/\/schema.org\",\"@graph\":[{\"@type\":\"WebPage\",\"@id\":\"https:\/\/edaviation.net\/es\/ingenieria\/\",\"url\":\"https:\/\/edaviation.net\/es\/ingenieria\/\",\"name\":\"Ingenier\u00eda ED Aviation | Servicio de Consultor\u00eda Industria Aeron\u00e1utica\",\"isPartOf\":{\"@id\":\"https:\/\/edaviation.net\/es\/#website\"},\"datePublished\":\"2018-03-09T10:44:45+00:00\",\"dateModified\":\"2023-09-14T14:52:59+00:00\",\"description\":\"Servicio de ingenier\u00eda en ED Aviation. Ofrecemos soporte en la adquisici\u00f3n \/ leasing de aeronaves, asesoramiento en la negociaci\u00f3n de condiciones y contratos para lease.\",\"breadcrumb\":{\"@id\":\"https:\/\/edaviation.net\/es\/ingenieria\/#breadcrumb\"},\"inLanguage\":\"es\",\"potentialAction\":[{\"@type\":\"ReadAction\",\"target\":[\"https:\/\/edaviation.net\/es\/ingenieria\/\"]}]},{\"@type\":\"BreadcrumbList\",\"@id\":\"https:\/\/edaviation.net\/es\/ingenieria\/#breadcrumb\",\"itemListElement\":[{\"@type\":\"ListItem\",\"position\":1,\"name\":\"Portada\",\"item\":\"https:\/\/edaviation.net\/es\/\"},{\"@type\":\"ListItem\",\"position\":2,\"name\":\"Ingenier\u00eda\"}]},{\"@type\":\"WebSite\",\"@id\":\"https:\/\/edaviation.net\/es\/#website\",\"url\":\"https:\/\/edaviation.net\/es\/\",\"name\":\"ED Aviation\",\"description\":\"\",\"potentialAction\":[{\"@type\":\"SearchAction\",\"target\":{\"@type\":\"EntryPoint\",\"urlTemplate\":\"https:\/\/edaviation.net\/es\/?s={search_term_string}\"},\"query-input\":{\"@type\":\"PropertyValueSpecification\",\"valueRequired\":true,\"valueName\":\"search_term_string\"}}],\"inLanguage\":\"es\"}]}<\/script>\n<!-- \/ Yoast SEO plugin. -->","yoast_head_json":{"title":"Ingenier\u00eda ED Aviation | Servicio de Consultor\u00eda Industria Aeron\u00e1utica","description":"Servicio de ingenier\u00eda en ED Aviation. Ofrecemos soporte en la adquisici\u00f3n \/ leasing de aeronaves, asesoramiento en la negociaci\u00f3n de condiciones y contratos para lease.","robots":{"index":"noindex","follow":"follow","max-snippet":"max-snippet:-1","max-image-preview":"max-image-preview:large","max-video-preview":"max-video-preview:-1"},"og_locale":"es_ES","og_type":"article","og_title":"Ingenier\u00eda ED Aviation | Servicio de Consultor\u00eda Industria Aeron\u00e1utica","og_description":"Servicio de ingenier\u00eda en ED Aviation. Ofrecemos soporte en la adquisici\u00f3n \/ leasing de aeronaves, asesoramiento en la negociaci\u00f3n de condiciones y contratos para lease.","og_url":"https:\/\/edaviation.net\/es\/ingenieria\/","og_site_name":"ED Aviation","article_modified_time":"2023-09-14T14:52:59+00:00","twitter_card":"summary_large_image","twitter_misc":{"Tiempo de lectura":"7 minutos"},"schema":{"@context":"https:\/\/schema.org","@graph":[{"@type":"WebPage","@id":"https:\/\/edaviation.net\/es\/ingenieria\/","url":"https:\/\/edaviation.net\/es\/ingenieria\/","name":"Ingenier\u00eda ED Aviation | Servicio de Consultor\u00eda Industria Aeron\u00e1utica","isPartOf":{"@id":"https:\/\/edaviation.net\/es\/#website"},"datePublished":"2018-03-09T10:44:45+00:00","dateModified":"2023-09-14T14:52:59+00:00","description":"Servicio de ingenier\u00eda en ED Aviation. Ofrecemos soporte en la adquisici\u00f3n \/ leasing de aeronaves, asesoramiento en la negociaci\u00f3n de condiciones y contratos para lease.","breadcrumb":{"@id":"https:\/\/edaviation.net\/es\/ingenieria\/#breadcrumb"},"inLanguage":"es","potentialAction":[{"@type":"ReadAction","target":["https:\/\/edaviation.net\/es\/ingenieria\/"]}]},{"@type":"BreadcrumbList","@id":"https:\/\/edaviation.net\/es\/ingenieria\/#breadcrumb","itemListElement":[{"@type":"ListItem","position":1,"name":"Portada","item":"https:\/\/edaviation.net\/es\/"},{"@type":"ListItem","position":2,"name":"Ingenier\u00eda"}]},{"@type":"WebSite","@id":"https:\/\/edaviation.net\/es\/#website","url":"https:\/\/edaviation.net\/es\/","name":"ED Aviation","description":"","potentialAction":[{"@type":"SearchAction","target":{"@type":"EntryPoint","urlTemplate":"https:\/\/edaviation.net\/es\/?s={search_term_string}"},"query-input":{"@type":"PropertyValueSpecification","valueRequired":true,"valueName":"search_term_string"}}],"inLanguage":"es"}]}},"_links":{"self":[{"href":"https:\/\/edaviation.net\/es\/wp-json\/wp\/v2\/pages\/510","targetHints":{"allow":["GET"]}}],"collection":[{"href":"https:\/\/edaviation.net\/es\/wp-json\/wp\/v2\/pages"}],"about":[{"href":"https:\/\/edaviation.net\/es\/wp-json\/wp\/v2\/types\/page"}],"author":[{"embeddable":true,"href":"https:\/\/edaviation.net\/es\/wp-json\/wp\/v2\/users\/1"}],"replies":[{"embeddable":true,"href":"https:\/\/edaviation.net\/es\/wp-json\/wp\/v2\/comments?post=510"}],"version-history":[{"count":19,"href":"https:\/\/edaviation.net\/es\/wp-json\/wp\/v2\/pages\/510\/revisions"}],"predecessor-version":[{"id":708,"href":"https:\/\/edaviation.net\/es\/wp-json\/wp\/v2\/pages\/510\/revisions\/708"}],"wp:attachment":[{"href":"https:\/\/edaviation.net\/es\/wp-json\/wp\/v2\/media?parent=510"}],"curies":[{"name":"wp","href":"https:\/\/api.w.org\/{rel}","templated":true}]}}