{"id":450,"date":"2018-03-08T12:40:19","date_gmt":"2018-03-08T11:40:19","guid":{"rendered":"http:\/\/edaviation.net\/es\/?page_id=450"},"modified":"2023-11-10T14:11:29","modified_gmt":"2023-11-10T13:11:29","slug":"calidad","status":"publish","type":"page","link":"https:\/\/edaviation.net\/es\/calidad\/","title":{"rendered":"Certificados de calidad"},"content":{"rendered":"<p>[et_pb_section bb_built=\u00bb1&#8243; fullwidth=\u00bbon\u00bb specialty=\u00bboff\u00bb _builder_version=\u00bb3.0.101&#8243; background_image=\u00bbhttps:\/\/edaviation.net\/es\/wp-content\/uploads\/2018\/06\/EdAviation-banner-partes-2.jpg\u00bb next_background_color=\u00bb#000000&#8243; use_background_color_gradient=\u00bbon\u00bb background_color_gradient_start=\u00bbrgba(13,53,40,0.5)\u00bb background_color_gradient_end=\u00bbrgba(13,53,40,0.5)\u00bb background_color_gradient_overlays_image=\u00bbon\u00bb][et_pb_fullwidth_header _builder_version=\u00bb3.0.101&#8243; text_orientation=\u00bbcenter\u00bb header_fullscreen=\u00bboff\u00bb header_scroll_down=\u00bboff\u00bb image_orientation=\u00bbcenter\u00bb background_layout=\u00bblight\u00bb content_orientation=\u00bbcenter\u00bb custom_button_one=\u00bboff\u00bb button_one_icon_placement=\u00bbright\u00bb custom_button_two=\u00bboff\u00bb button_two_icon_placement=\u00bbright\u00bb title=\u00bb \u00bb disabled=\u00bboff\u00bb disabled_on=\u00bbon|on|\u00bb \/][et_pb_fullwidth_header admin_label=\u00bbT\u00edtulo de anchura completa M\u00d3VIL\u00bb _builder_version=\u00bb3.0.101&#8243; text_orientation=\u00bbleft\u00bb header_fullscreen=\u00bboff\u00bb header_scroll_down=\u00bboff\u00bb image_orientation=\u00bbcenter\u00bb background_layout=\u00bblight\u00bb content_orientation=\u00bbcenter\u00bb custom_button_one=\u00bboff\u00bb button_one_icon_placement=\u00bbright\u00bb custom_button_two=\u00bboff\u00bb button_two_icon_placement=\u00bbright\u00bb disabled=\u00bboff\u00bb disabled_on=\u00bb||on\u00bb saved_tabs=\u00bball\u00bb]<\/p>\n<h1 id=\"titulo-movil\">Certificados de calidad<\/h1>\n<p>[\/et_pb_fullwidth_header][\/et_pb_section][et_pb_section bb_built=\u00bb1&#8243; fullwidth=\u00bbon\u00bb specialty=\u00bboff\u00bb _builder_version=\u00bb3.0.98&#8243; custom_margin=\u00bb0px|0px|0px|0px\u00bb custom_padding=\u00bb0px|0px|0px|0px\u00bb prev_background_color=\u00bb#000000&#8243; next_background_color=\u00bb#000000&#8243;][et_pb_fullwidth_header admin_label=\u00bbTexto introductorio\u00bb _builder_version=\u00bb3.0.101&#8243; text_orientation=\u00bbjustified\u00bb header_fullscreen=\u00bboff\u00bb header_scroll_down=\u00bboff\u00bb image_orientation=\u00bbcenter\u00bb background_layout=\u00bblight\u00bb content_orientation=\u00bbcenter\u00bb custom_button_one=\u00bboff\u00bb button_one_icon_placement=\u00bbright\u00bb custom_button_two=\u00bboff\u00bb button_two_icon_placement=\u00bbright\u00bb disabled=\u00bboff\u00bb disabled_on=\u00bb||on\u00bb]<\/p>\n<h2 style=\"text-align: center;\">Partes de aeronaves de categor\u00eda<\/h2>\n<p style=\"text-align: center;\">Trabajamos con art\u00edculos de los m\u00e1s altos est\u00e1ndares<\/p>\n<p>[\/et_pb_fullwidth_header][\/et_pb_section][et_pb_section bb_built=\u00bb1&#8243; fullwidth=\u00bboff\u00bb specialty=\u00bboff\u00bb _builder_version=\u00bb3.0.101&#8243; custom_margin=\u00bb0px|0px|0px|0px\u00bb custom_padding=\u00bb30px|0px|30px|0px\u00bb disabled=\u00bboff\u00bb disabled_on=\u00bbon|on|\u00bb custom_margin_last_edited=\u00bbon|phone\u00bb custom_padding_last_edited=\u00bbon|desktop\u00bb prev_background_color=\u00bb#000000&#8243; next_background_color=\u00bb#000000&#8243; background_image=\u00bbhttps:\/\/edaviation.net\/es\/wp-content\/uploads\/2018\/01\/EdAviation-repuestos-para-aviones-valencia-sobre-nosotros-1.png\u00bb][et_pb_row _builder_version=\u00bb3.0.101&#8243; module_alignment=\u00bbcenter\u00bb make_fullwidth=\u00bbon\u00bb custom_margin=\u00bb30px||30px|\u00bb][et_pb_column type=\u00bb4_4&#8243;][et_pb_text _builder_version=\u00bb3.0.101&#8243; background_layout=\u00bblight\u00bb]<\/p>\n<h2 style=\"text-align: center;\">Partes de aeronaves de categor\u00eda<\/h2>\n<p style=\"text-align: center;\">Trabajamos con art\u00edculos de los m\u00e1s altos est\u00e1ndares<\/p>\n<p>[\/et_pb_text][\/et_pb_column][\/et_pb_row][et_pb_row _builder_version=\u00bb3.0.101&#8243; make_fullwidth=\u00bbon\u00bb use_custom_gutter=\u00bbon\u00bb gutter_width=\u00bb1&#8243; make_equal=\u00bbon\u00bb custom_margin=\u00bb0px|0px|0px|0px\u00bb custom_padding=\u00bb0px|0px|0px|0px\u00bb disabled=\u00bboff\u00bb disabled_on=\u00bboff|off|\u00bb padding_top_2=\u00bb0px\u00bb padding_right_2=\u00bb100px\u00bb padding_bottom_2=\u00bb50px\u00bb padding_left_2=\u00bb100px\u00bb padding_2_tablet=\u00bb0px|0px|0px|0px\u00bb padding_2_last_edited=\u00bbon|desktop\u00bb custom_margin_last_edited=\u00bbon|tablet\u00bb custom_padding_last_edited=\u00bbon|tablet\u00bb][et_pb_column type=\u00bb1_2&#8243;][et_pb_image _builder_version=\u00bb3.0.101&#8243; src=\u00bbhttps:\/\/edaviation.net\/es\/wp-content\/uploads\/2018\/04\/EdAviation-repuestos-para-aviones-valencia-calidad-3.jpg\u00bb show_in_lightbox=\u00bboff\u00bb url_new_window=\u00bboff\u00bb use_overlay=\u00bboff\u00bb always_center_on_mobile=\u00bbon\u00bb force_fullwidth=\u00bbon\u00bb show_bottom_space=\u00bbon\u00bb align=\u00bbleft\u00bb \/][\/et_pb_column][et_pb_column type=\u00bb1_2&#8243;][et_pb_text _builder_version=\u00bb3.0.98&#8243; background_layout=\u00bblight\u00bb]<\/p>\n<h3 class=\"black-underline\">Trabajamos con la mejor calidad<\/h3>\n<p>&nbsp;<\/p>\n<p style=\"text-align: justify;\">El sistema de gesti\u00f3n de calidad de ED AVIATION ha conseguido la certificaci\u00f3n ISO 9001:2015 durante el a\u00f1o 2017, demostrando el compromiso de mejorar continuamente, respetar los est\u00e1ndares de la industria aeron\u00e1utica y lograr una completa satisfacci\u00f3n de nuestros clientes.<\/p>\n<p>[\/et_pb_text][et_pb_text _builder_version=\u00bb3.0.98&#8243; background_layout=\u00bblight\u00bb custom_margin=\u00bb40px|||\u00bb]<\/p>\n<h3 class=\"black-underline\">Apuntamos a la superioridad<\/h3>\n<p>&nbsp;<\/p>\n<p style=\"text-align: justify;\">Todos los componentes suministrados por ED AVIATION son totalmente trazables a OEM, operadores o MROs y est\u00e1n certificados FAA, EASA, CAA o CoC.<\/p>\n<p>[\/et_pb_text][et_pb_text _builder_version=\u00bb3.0.98&#8243; background_layout=\u00bblight\u00bb custom_margin=\u00bb40px|||\u00bb]<\/p>\n<h3 class=\"black-underline\">Politica de evaluaci\u00f3n de proveedores<\/h3>\n<p>&nbsp;<\/p>\n<p style=\"text-align: justify;\">Las condiciones para la evaluaci\u00f3n y reevaluaci\u00f3n de sus servicios como proveedor se basan en la supervisi\u00f3n de los productos y servicios entregados, por lo que en caso de cualquier incidencia o no conformidad se le informar\u00e1 para su correcci\u00f3n, esta informaci\u00f3n ser\u00e1 tenida en cuenta para la reevaluaci\u00f3n peri\u00f3dica como proveedor. Entrega: como se indica en la cotizaci\u00f3n.<\/p>\n<p><a href=\"https:\/\/edaviation.net\/es\/wp-content\/uploads\/2019\/10\/1.5.1.POL\u00cdTICA-DE-CALIDAD.R0-ESP.pdf\" target=\"_blank\" rel=\"noopener\">Pol\u00edtica de calidad<\/a><br \/>\n<a href=\"https:\/\/drive.google.com\/file\/d\/1eJY66FcayrMmhrLcMRcFaxrgd_2_y-gr\/view?usp=sharing\" target=\"_blank\" rel=\"noopener\">Certificado ISO 9001:2015<\/a><br \/>\n<a href=\"http:\/\/www.sgs.com\/certifiedclients\" target=\"_blank\" rel=\"noopener\">Certificado SGS<\/a><br \/>\n<a href=\"https:\/\/www.sgs.pl\/en\/vr\/certified-client-directory?_ga=2.94008797.1951781238.1666690119-723946775.1666690117\" rel=\"noopener\"><img loading=\"lazy\" decoding=\"async\" class=\"alignright wp-image-467\" src=\"https:\/\/edaviation.net\/es\/wp-content\/uploads\/2018\/03\/EDAviation-logo-SGS-ISO-9001-TCL-LR.jpg\" alt=\"\" width=\"100\" height=\"98\" srcset=\"https:\/\/edaviation.net\/es\/wp-content\/uploads\/2018\/03\/EDAviation-logo-SGS-ISO-9001-TCL-LR.jpg 151w, https:\/\/edaviation.net\/es\/wp-content\/uploads\/2018\/03\/EDAviation-logo-SGS-ISO-9001-TCL-LR-150x148.jpg 150w\" sizes=\"auto, (max-width: 100px) 100vw, 100px\" \/><\/a><\/p>\n<p>[\/et_pb_text][\/et_pb_column][\/et_pb_row][et_pb_row _builder_version=\u00bb3.0.101&#8243; module_alignment=\u00bbcenter\u00bb make_fullwidth=\u00bbon\u00bb custom_margin=\u00bb30px||30px|\u00bb][et_pb_column type=\u00bb4_4&#8243;][et_pb_text _builder_version=\u00bb3.0.98&#8243; background_layout=\u00bblight\u00bb]<\/p>\n<h2 style=\"text-align: center;\">Partes aeron\u00e1uticas con las mejores condiciones<\/h2>\n<p style=\"text-align: center;\"><strong>Certificadores<\/strong><br \/>\nEASA \/ FAA en fuselaje ancho y angosto<\/p>\n<p style=\"text-align: center;\"><strong>Mantenimiento completo<\/strong><br \/>\nL\u00ednea y base, programado, AOG, aislamiento de fallos.<\/p>\n<p>[\/et_pb_text][\/et_pb_column][\/et_pb_row][\/et_pb_section][et_pb_section bb_built=\u00bb1&#8243; fullwidth=\u00bboff\u00bb specialty=\u00bboff\u00bb _builder_version=\u00bb3.0.98&#8243; disabled=\u00bboff\u00bb disabled_on=\u00bb||on\u00bb custom_padding=\u00bb0px||0px|\u00bb prev_background_color=\u00bb#000000&#8243; next_background_color=\u00bb#000000&#8243;][et_pb_row _builder_version=\u00bb3.0.98&#8243; custom_margin=\u00bb0px|||\u00bb][et_pb_column type=\u00bb4_4&#8243;][et_pb_image admin_label=\u00bbImagen (BLOQUE SECCI\u00d3N M\u00d3VIL)\u00bb _builder_version=\u00bb3.0.98&#8243; src=\u00bbhttps:\/\/edaviation.net\/es\/wp-content\/uploads\/2018\/04\/EdAviation-repuestos-para-aviones-valencia-calidad-3.jpg\u00bb show_in_lightbox=\u00bboff\u00bb url_new_window=\u00bboff\u00bb use_overlay=\u00bboff\u00bb always_center_on_mobile=\u00bbon\u00bb force_fullwidth=\u00bbon\u00bb show_bottom_space=\u00bbon\u00bb align=\u00bbleft\u00bb \/][et_pb_text _builder_version=\u00bb3.0.98&#8243; background_layout=\u00bblight\u00bb]<\/p>\n<h3 class=\"black-underline\">Trabajamos con la mejor calidad<\/h3>\n<p>El sistema de gesti\u00f3n de calidad de ED AVIATION ha conseguido la certificaci\u00f3n ISO 9001:2015 durante el a\u00f1o 2017, demostrando el compromiso de mejorar continuamente, respetar los est\u00e1ndares de la industria aeron\u00e1utica y lograr una completa satisfacci\u00f3n de nuestros clientes.<\/p>\n<p>[\/et_pb_text][et_pb_text _builder_version=\u00bb3.0.98&#8243; background_layout=\u00bblight\u00bb custom_margin=\u00bb20px|||\u00bb]<\/p>\n<h3 class=\"black-underline\">Apuntamos a la superioridad<\/h3>\n<p>Todos los componentes suministrados por ED AVIATION son totalmente trazables a OEM, operadores o MROs y est\u00e1n certificados FAA, EASA, CAA o CoC.<\/p>\n<p>Certificados y pol\u00edtica de calidad<\/p>\n<p><a href=\"https:\/\/edaviation.net\/es\/wp-content\/uploads\/2018\/03\/EdAviation-repuestos-para-aviones-Valencia-politica-calidad.pdf\" target=\"_blank\" rel=\"noopener\">Pol\u00edtica de calidad<\/a><\/p>\n<p><a href=\"https:\/\/drive.google.com\/file\/d\/1eJY66FcayrMmhrLcMRcFaxrgd_2_y-gr\/view?usp=sharing\" target=\"_blank\" rel=\"noopener\">Certificado ISO 9001:2015<\/a><\/p>\n<p><a href=\"https:\/\/edaviation.net\/es\/wp-content\/uploads\/2018\/03\/EdAviation-repuestos-para-aviones-Valencia-certificado-ISO-9001-2015.pdf\" target=\"_blank\" rel=\"noopener\"><img loading=\"lazy\" decoding=\"async\" class=\"alignnone wp-image-469 size-thumbnail\" src=\"https:\/\/edaviation.net\/es\/wp-content\/uploads\/2018\/03\/EdAviation-repuestos-para-aviones-Valencia-certificado-ISO-9001-2015-150x150.jpg\" alt=\"\" width=\"150\" height=\"150\" srcset=\"https:\/\/edaviation.net\/es\/wp-content\/uploads\/2018\/03\/EdAviation-repuestos-para-aviones-Valencia-certificado-ISO-9001-2015-150x150.jpg 150w, https:\/\/edaviation.net\/es\/wp-content\/uploads\/2018\/03\/EdAviation-repuestos-para-aviones-Valencia-certificado-ISO-9001-2015-300x300.jpg 300w, https:\/\/edaviation.net\/es\/wp-content\/uploads\/2018\/03\/EdAviation-repuestos-para-aviones-Valencia-certificado-ISO-9001-2015.jpg 520w\" sizes=\"auto, (max-width: 150px) 100vw, 150px\" \/><\/a><a href=\"https:\/\/www.sgsgroup.cz\/en\/vr\/certified-client-directory\"><img loading=\"lazy\" decoding=\"async\" class=\"alignright wp-image-467\" src=\"https:\/\/edaviation.net\/es\/wp-content\/uploads\/2018\/03\/EDAviation-logo-SGS-ISO-9001-TCL-LR.jpg\" alt=\"\" width=\"100\" height=\"98\" srcset=\"https:\/\/edaviation.net\/es\/wp-content\/uploads\/2018\/03\/EDAviation-logo-SGS-ISO-9001-TCL-LR.jpg 151w, https:\/\/edaviation.net\/es\/wp-content\/uploads\/2018\/03\/EDAviation-logo-SGS-ISO-9001-TCL-LR-150x148.jpg 150w\" sizes=\"auto, (max-width: 100px) 100vw, 100px\" \/><\/a><\/p>\n<p>[\/et_pb_text][\/et_pb_column][\/et_pb_row][\/et_pb_section][et_pb_section bb_built=\u00bb1&#8243; fullwidth=\u00bbon\u00bb specialty=\u00bboff\u00bb _builder_version=\u00bb3.0.101&#8243; custom_margin=\u00bb0px|0px|0px|0px\u00bb custom_padding=\u00bb0px|0px|0px|0px\u00bb prev_background_color=\u00bb#000000&#8243;][et_pb_fullwidth_header _builder_version=\u00bb3.0.101&#8243; text_orientation=\u00bbcenter\u00bb header_fullscreen=\u00bboff\u00bb header_scroll_down=\u00bboff\u00bb image_orientation=\u00bbcenter\u00bb background_layout=\u00bblight\u00bb content_orientation=\u00bbcenter\u00bb custom_button_one=\u00bboff\u00bb button_one_icon_placement=\u00bbright\u00bb custom_button_two=\u00bboff\u00bb button_two_icon_placement=\u00bbright\u00bb disabled=\u00bboff\u00bb disabled_on=\u00bb||on\u00bb]<\/p>\n<h2 style=\"text-align: center;\">Partes aeron\u00e1uticas con las mejores condiciones<\/h2>\n<p style=\"text-align: center;\"><strong>Certificadores<\/strong><br \/>\nEASA \/ FAA en fuselaje ancho y angosto<\/p>\n<p style=\"text-align: center;\"><strong>Mantenimiento completo<\/strong><br \/>\nL\u00ednea y base, programado, AOG, aislamiento de fallos.<\/p>\n<p>[\/et_pb_fullwidth_header][\/et_pb_section]<\/p>\n","protected":false},"excerpt":{"rendered":"<p>[et_pb_section bb_built=\u00bb1&#8243; fullwidth=\u00bbon\u00bb specialty=\u00bboff\u00bb _builder_version=\u00bb3.0.101&#8243; background_image=\u00bbhttps:\/\/edaviation.net\/es\/wp-content\/uploads\/2018\/06\/EdAviation-banner-partes-2.jpg\u00bb next_background_color=\u00bb#000000&#8243; use_background_color_gradient=\u00bbon\u00bb background_color_gradient_start=\u00bbrgba(13,53,40,0.5)\u00bb background_color_gradient_end=\u00bbrgba(13,53,40,0.5)\u00bb background_color_gradient_overlays_image=\u00bbon\u00bb][et_pb_fullwidth_header _builder_version=\u00bb3.0.101&#8243; text_orientation=\u00bbcenter\u00bb header_fullscreen=\u00bboff\u00bb header_scroll_down=\u00bboff\u00bb image_orientation=\u00bbcenter\u00bb background_layout=\u00bblight\u00bb content_orientation=\u00bbcenter\u00bb custom_button_one=\u00bboff\u00bb button_one_icon_placement=\u00bbright\u00bb custom_button_two=\u00bboff\u00bb button_two_icon_placement=\u00bbright\u00bb title=\u00bb \u00bb disabled=\u00bboff\u00bb disabled_on=\u00bbon|on|\u00bb \/][et_pb_fullwidth_header admin_label=\u00bbT\u00edtulo de anchura completa M\u00d3VIL\u00bb _builder_version=\u00bb3.0.101&#8243; text_orientation=\u00bbleft\u00bb header_fullscreen=\u00bboff\u00bb header_scroll_down=\u00bboff\u00bb image_orientation=\u00bbcenter\u00bb background_layout=\u00bblight\u00bb content_orientation=\u00bbcenter\u00bb custom_button_one=\u00bboff\u00bb button_one_icon_placement=\u00bbright\u00bb custom_button_two=\u00bboff\u00bb button_two_icon_placement=\u00bbright\u00bb disabled=\u00bboff\u00bb disabled_on=\u00bb||on\u00bb saved_tabs=\u00bball\u00bb] Certificados de calidad [\/et_pb_fullwidth_header][\/et_pb_section][et_pb_section bb_built=\u00bb1&#8243; fullwidth=\u00bbon\u00bb specialty=\u00bboff\u00bb _builder_version=\u00bb3.0.98&#8243; custom_margin=\u00bb0px|0px|0px|0px\u00bb [&hellip;]<\/p>\n","protected":false},"author":1,"featured_media":0,"parent":0,"menu_order":0,"comment_status":"closed","ping_status":"closed","template":"","meta":{"footnotes":""},"class_list":["post-450","page","type-page","status-publish","hentry"],"yoast_head":"<!-- This site is optimized with the Yoast SEO plugin v24.2 - https:\/\/yoast.com\/wordpress\/plugins\/seo\/ -->\n<title>Certificados de calidad ED Aviation | Expertos en Aviaci\u00f3n<\/title>\n<meta name=\"description\" content=\"Certificados de calidad ED AVIATION. Sistema de gesti\u00f3n de calidad de ha conseguido la certificaci\u00f3n ISO 9001:2015. Certificadores EASA \/ FAA en fuselaje ancho y angosto.\" \/>\n<meta name=\"robots\" content=\"noindex, follow, max-snippet:-1, max-image-preview:large, max-video-preview:-1\" \/>\n<meta property=\"og:locale\" content=\"es_ES\" \/>\n<meta property=\"og:type\" content=\"article\" \/>\n<meta property=\"og:title\" content=\"Certificados de calidad ED Aviation | Expertos en Aviaci\u00f3n\" \/>\n<meta property=\"og:description\" content=\"Certificados de calidad ED AVIATION. Sistema de gesti\u00f3n de calidad de ha conseguido la certificaci\u00f3n ISO 9001:2015. Certificadores EASA \/ FAA en fuselaje ancho y angosto.\" \/>\n<meta property=\"og:url\" content=\"https:\/\/edaviation.net\/es\/calidad\/\" \/>\n<meta property=\"og:site_name\" content=\"ED Aviation\" \/>\n<meta property=\"article:modified_time\" content=\"2023-11-10T13:11:29+00:00\" \/>\n<meta property=\"og:image\" content=\"https:\/\/edaviation.net\/es\/wp-content\/uploads\/2018\/03\/EDAviation-logo-SGS-ISO-9001-TCL-LR.jpg\" \/>\n<meta name=\"twitter:card\" content=\"summary_large_image\" \/>\n<meta name=\"twitter:label1\" content=\"Tiempo de lectura\" \/>\n\t<meta name=\"twitter:data1\" content=\"5 minutos\" \/>\n<script type=\"application\/ld+json\" class=\"yoast-schema-graph\">{\"@context\":\"https:\/\/schema.org\",\"@graph\":[{\"@type\":\"WebPage\",\"@id\":\"https:\/\/edaviation.net\/es\/calidad\/\",\"url\":\"https:\/\/edaviation.net\/es\/calidad\/\",\"name\":\"Certificados de calidad ED Aviation | Expertos en Aviaci\u00f3n\",\"isPartOf\":{\"@id\":\"https:\/\/edaviation.net\/es\/#website\"},\"primaryImageOfPage\":{\"@id\":\"https:\/\/edaviation.net\/es\/calidad\/#primaryimage\"},\"image\":{\"@id\":\"https:\/\/edaviation.net\/es\/calidad\/#primaryimage\"},\"thumbnailUrl\":\"https:\/\/edaviation.net\/es\/wp-content\/uploads\/2018\/03\/EDAviation-logo-SGS-ISO-9001-TCL-LR.jpg\",\"datePublished\":\"2018-03-08T11:40:19+00:00\",\"dateModified\":\"2023-11-10T13:11:29+00:00\",\"description\":\"Certificados de calidad ED AVIATION. Sistema de gesti\u00f3n de calidad de ha conseguido la certificaci\u00f3n ISO 9001:2015. Certificadores EASA \/ FAA en fuselaje ancho y angosto.\",\"breadcrumb\":{\"@id\":\"https:\/\/edaviation.net\/es\/calidad\/#breadcrumb\"},\"inLanguage\":\"es\",\"potentialAction\":[{\"@type\":\"ReadAction\",\"target\":[\"https:\/\/edaviation.net\/es\/calidad\/\"]}]},{\"@type\":\"ImageObject\",\"inLanguage\":\"es\",\"@id\":\"https:\/\/edaviation.net\/es\/calidad\/#primaryimage\",\"url\":\"https:\/\/edaviation.net\/es\/wp-content\/uploads\/2018\/03\/EDAviation-logo-SGS-ISO-9001-TCL-LR.jpg\",\"contentUrl\":\"https:\/\/edaviation.net\/es\/wp-content\/uploads\/2018\/03\/EDAviation-logo-SGS-ISO-9001-TCL-LR.jpg\",\"width\":151,\"height\":148},{\"@type\":\"BreadcrumbList\",\"@id\":\"https:\/\/edaviation.net\/es\/calidad\/#breadcrumb\",\"itemListElement\":[{\"@type\":\"ListItem\",\"position\":1,\"name\":\"Portada\",\"item\":\"https:\/\/edaviation.net\/es\/\"},{\"@type\":\"ListItem\",\"position\":2,\"name\":\"Certificados de calidad\"}]},{\"@type\":\"WebSite\",\"@id\":\"https:\/\/edaviation.net\/es\/#website\",\"url\":\"https:\/\/edaviation.net\/es\/\",\"name\":\"ED Aviation\",\"description\":\"\",\"potentialAction\":[{\"@type\":\"SearchAction\",\"target\":{\"@type\":\"EntryPoint\",\"urlTemplate\":\"https:\/\/edaviation.net\/es\/?s={search_term_string}\"},\"query-input\":{\"@type\":\"PropertyValueSpecification\",\"valueRequired\":true,\"valueName\":\"search_term_string\"}}],\"inLanguage\":\"es\"}]}<\/script>\n<!-- \/ Yoast SEO plugin. -->","yoast_head_json":{"title":"Certificados de calidad ED Aviation | Expertos en Aviaci\u00f3n","description":"Certificados de calidad ED AVIATION. Sistema de gesti\u00f3n de calidad de ha conseguido la certificaci\u00f3n ISO 9001:2015. Certificadores EASA \/ FAA en fuselaje ancho y angosto.","robots":{"index":"noindex","follow":"follow","max-snippet":"max-snippet:-1","max-image-preview":"max-image-preview:large","max-video-preview":"max-video-preview:-1"},"og_locale":"es_ES","og_type":"article","og_title":"Certificados de calidad ED Aviation | Expertos en Aviaci\u00f3n","og_description":"Certificados de calidad ED AVIATION. Sistema de gesti\u00f3n de calidad de ha conseguido la certificaci\u00f3n ISO 9001:2015. Certificadores EASA \/ FAA en fuselaje ancho y angosto.","og_url":"https:\/\/edaviation.net\/es\/calidad\/","og_site_name":"ED Aviation","article_modified_time":"2023-11-10T13:11:29+00:00","og_image":[{"url":"https:\/\/edaviation.net\/es\/wp-content\/uploads\/2018\/03\/EDAviation-logo-SGS-ISO-9001-TCL-LR.jpg","type":"","width":"","height":""}],"twitter_card":"summary_large_image","twitter_misc":{"Tiempo de lectura":"5 minutos"},"schema":{"@context":"https:\/\/schema.org","@graph":[{"@type":"WebPage","@id":"https:\/\/edaviation.net\/es\/calidad\/","url":"https:\/\/edaviation.net\/es\/calidad\/","name":"Certificados de calidad ED Aviation | Expertos en Aviaci\u00f3n","isPartOf":{"@id":"https:\/\/edaviation.net\/es\/#website"},"primaryImageOfPage":{"@id":"https:\/\/edaviation.net\/es\/calidad\/#primaryimage"},"image":{"@id":"https:\/\/edaviation.net\/es\/calidad\/#primaryimage"},"thumbnailUrl":"https:\/\/edaviation.net\/es\/wp-content\/uploads\/2018\/03\/EDAviation-logo-SGS-ISO-9001-TCL-LR.jpg","datePublished":"2018-03-08T11:40:19+00:00","dateModified":"2023-11-10T13:11:29+00:00","description":"Certificados de calidad ED AVIATION. Sistema de gesti\u00f3n de calidad de ha conseguido la certificaci\u00f3n ISO 9001:2015. Certificadores EASA \/ FAA en fuselaje ancho y angosto.","breadcrumb":{"@id":"https:\/\/edaviation.net\/es\/calidad\/#breadcrumb"},"inLanguage":"es","potentialAction":[{"@type":"ReadAction","target":["https:\/\/edaviation.net\/es\/calidad\/"]}]},{"@type":"ImageObject","inLanguage":"es","@id":"https:\/\/edaviation.net\/es\/calidad\/#primaryimage","url":"https:\/\/edaviation.net\/es\/wp-content\/uploads\/2018\/03\/EDAviation-logo-SGS-ISO-9001-TCL-LR.jpg","contentUrl":"https:\/\/edaviation.net\/es\/wp-content\/uploads\/2018\/03\/EDAviation-logo-SGS-ISO-9001-TCL-LR.jpg","width":151,"height":148},{"@type":"BreadcrumbList","@id":"https:\/\/edaviation.net\/es\/calidad\/#breadcrumb","itemListElement":[{"@type":"ListItem","position":1,"name":"Portada","item":"https:\/\/edaviation.net\/es\/"},{"@type":"ListItem","position":2,"name":"Certificados de calidad"}]},{"@type":"WebSite","@id":"https:\/\/edaviation.net\/es\/#website","url":"https:\/\/edaviation.net\/es\/","name":"ED Aviation","description":"","potentialAction":[{"@type":"SearchAction","target":{"@type":"EntryPoint","urlTemplate":"https:\/\/edaviation.net\/es\/?s={search_term_string}"},"query-input":{"@type":"PropertyValueSpecification","valueRequired":true,"valueName":"search_term_string"}}],"inLanguage":"es"}]}},"_links":{"self":[{"href":"https:\/\/edaviation.net\/es\/wp-json\/wp\/v2\/pages\/450","targetHints":{"allow":["GET"]}}],"collection":[{"href":"https:\/\/edaviation.net\/es\/wp-json\/wp\/v2\/pages"}],"about":[{"href":"https:\/\/edaviation.net\/es\/wp-json\/wp\/v2\/types\/page"}],"author":[{"embeddable":true,"href":"https:\/\/edaviation.net\/es\/wp-json\/wp\/v2\/users\/1"}],"replies":[{"embeddable":true,"href":"https:\/\/edaviation.net\/es\/wp-json\/wp\/v2\/comments?post=450"}],"version-history":[{"count":38,"href":"https:\/\/edaviation.net\/es\/wp-json\/wp\/v2\/pages\/450\/revisions"}],"predecessor-version":[{"id":784,"href":"https:\/\/edaviation.net\/es\/wp-json\/wp\/v2\/pages\/450\/revisions\/784"}],"wp:attachment":[{"href":"https:\/\/edaviation.net\/es\/wp-json\/wp\/v2\/media?parent=450"}],"curies":[{"name":"wp","href":"https:\/\/api.w.org\/{rel}","templated":true}]}}