{"id":436,"date":"2018-03-08T11:52:07","date_gmt":"2018-03-08T10:52:07","guid":{"rendered":"http:\/\/edaviation.net\/es\/?page_id=436"},"modified":"2023-09-14T16:54:22","modified_gmt":"2023-09-14T14:54:22","slug":"mantenimiento","status":"publish","type":"page","link":"https:\/\/edaviation.net\/es\/mantenimiento\/","title":{"rendered":"Mantenimiento"},"content":{"rendered":"<p>[et_pb_section bb_built=\u00bb1&#8243; fullwidth=\u00bbon\u00bb specialty=\u00bboff\u00bb _builder_version=\u00bb3.0.101&#8243; background_image=\u00bbhttps:\/\/edaviation.net\/es\/wp-content\/uploads\/2018\/04\/EdAviation-repuestos-para-aviones-valencia-banner-mantenimiento.jpg\u00bb next_background_color=\u00bb#000000&#8243; use_background_color_gradient=\u00bbon\u00bb background_color_gradient_start=\u00bbrgba(13,53,40,0.65)\u00bb background_color_gradient_end=\u00bbrgba(13,53,40,0.5)\u00bb background_color_gradient_overlays_image=\u00bbon\u00bb][et_pb_fullwidth_header _builder_version=\u00bb3.0.101&#8243; text_orientation=\u00bbcenter\u00bb header_fullscreen=\u00bboff\u00bb header_scroll_down=\u00bboff\u00bb image_orientation=\u00bbcenter\u00bb background_layout=\u00bblight\u00bb content_orientation=\u00bbcenter\u00bb custom_button_one=\u00bboff\u00bb button_one_icon_placement=\u00bbright\u00bb custom_button_two=\u00bboff\u00bb button_two_icon_placement=\u00bbright\u00bb title=\u00bb \u00bb disabled=\u00bboff\u00bb disabled_on=\u00bbon|on|\u00bb \/][et_pb_fullwidth_header admin_label=\u00bbT\u00edtulo de anchura completa M\u00d3VIL\u00bb _builder_version=\u00bb3.0.101&#8243; text_orientation=\u00bbleft\u00bb header_fullscreen=\u00bboff\u00bb header_scroll_down=\u00bboff\u00bb image_orientation=\u00bbcenter\u00bb background_layout=\u00bblight\u00bb content_orientation=\u00bbcenter\u00bb custom_button_one=\u00bboff\u00bb button_one_icon_placement=\u00bbright\u00bb custom_button_two=\u00bboff\u00bb button_two_icon_placement=\u00bbright\u00bb disabled=\u00bboff\u00bb disabled_on=\u00bb||on\u00bb saved_tabs=\u00bball\u00bb]<\/p>\n<h1 id=\"titulo-movil\">Mantenimiento<\/h1>\n<p>[\/et_pb_fullwidth_header][\/et_pb_section][et_pb_section bb_built=\u00bb1&#8243; fullwidth=\u00bbon\u00bb specialty=\u00bboff\u00bb _builder_version=\u00bb3.0.101&#8243; custom_margin=\u00bb0px|0px|0px|0px\u00bb custom_padding=\u00bb0px|0px|0px|0px\u00bb prev_background_color=\u00bb#000000&#8243; next_background_color=\u00bb#000000&#8243; disabled=\u00bboff\u00bb disabled_on=\u00bb||on\u00bb][et_pb_fullwidth_header admin_label=\u00bbTexto introductorio\u00bb _builder_version=\u00bb3.0.101&#8243; text_orientation=\u00bbjustified\u00bb header_fullscreen=\u00bboff\u00bb header_scroll_down=\u00bboff\u00bb image_orientation=\u00bbcenter\u00bb background_layout=\u00bblight\u00bb content_orientation=\u00bbcenter\u00bb custom_button_one=\u00bboff\u00bb button_one_icon_placement=\u00bbright\u00bb custom_button_two=\u00bboff\u00bb button_two_icon_placement=\u00bbright\u00bb]<\/p>\n<h2 style=\"text-align: center;\">Servicios \u00f3ptimos de cuidado<\/h2>\n<p style=\"text-align: center;\">Los mejores servicios de soporte y conservaci\u00f3n<\/p>\n<p>[\/et_pb_fullwidth_header][\/et_pb_section][et_pb_section bb_built=\u00bb1&#8243; fullwidth=\u00bboff\u00bb specialty=\u00bboff\u00bb _builder_version=\u00bb3.0.101&#8243; custom_margin=\u00bb0px|0px|0px|0px\u00bb custom_padding=\u00bb30px|0px|30px|0px\u00bb disabled=\u00bboff\u00bb disabled_on=\u00bbon|on|\u00bb custom_margin_last_edited=\u00bbon|phone\u00bb custom_padding_last_edited=\u00bbon|desktop\u00bb prev_background_color=\u00bb#000000&#8243; next_background_color=\u00bb#000000&#8243; background_image=\u00bbhttps:\/\/edaviation.net\/es\/wp-content\/uploads\/2018\/01\/EdAviation-repuestos-para-aviones-valencia-sobre-nosotros-1.png\u00bb][et_pb_row _builder_version=\u00bb3.0.101&#8243; module_alignment=\u00bbcenter\u00bb make_fullwidth=\u00bbon\u00bb custom_margin=\u00bb30px||30px|\u00bb][et_pb_column type=\u00bb4_4&#8243;][et_pb_text _builder_version=\u00bb3.0.101&#8243; background_layout=\u00bblight\u00bb]<\/p>\n<h2 style=\"text-align: center;\">Servicios \u00f3ptimos de cuidado<\/h2>\n<p style=\"text-align: center;\">Los mejores servicios de soporte y conservaci\u00f3n<\/p>\n<p>[\/et_pb_text][\/et_pb_column][\/et_pb_row][et_pb_row _builder_version=\u00bb3.0.101&#8243; make_fullwidth=\u00bbon\u00bb use_custom_gutter=\u00bbon\u00bb gutter_width=\u00bb1&#8243; make_equal=\u00bbon\u00bb custom_margin=\u00bb0px|0px|0px|0px\u00bb custom_padding=\u00bb0px|0px|0px|0px\u00bb disabled=\u00bboff\u00bb disabled_on=\u00bboff|off|\u00bb padding_top_2=\u00bb0px\u00bb padding_right_2=\u00bb100px\u00bb padding_bottom_2=\u00bb50px\u00bb padding_left_2=\u00bb100px\u00bb padding_2_tablet=\u00bb0px|0px|0px|0px\u00bb padding_2_last_edited=\u00bbon|desktop\u00bb custom_margin_last_edited=\u00bbon|tablet\u00bb custom_padding_last_edited=\u00bbon|desktop\u00bb][et_pb_column type=\u00bb1_2&#8243;][et_pb_image _builder_version=\u00bb3.0.101&#8243; src=\u00bbhttps:\/\/edaviation.net\/es\/wp-content\/uploads\/2018\/04\/Ed-aviation-turbina-avion-2.jpg\u00bb show_in_lightbox=\u00bboff\u00bb url_new_window=\u00bboff\u00bb use_overlay=\u00bboff\u00bb always_center_on_mobile=\u00bbon\u00bb force_fullwidth=\u00bbon\u00bb show_bottom_space=\u00bbon\u00bb align=\u00bbleft\u00bb \/][\/et_pb_column][et_pb_column type=\u00bb1_2&#8243;][et_pb_text _builder_version=\u00bb3.0.101&#8243; background_layout=\u00bblight\u00bb]<\/p>\n<h3 class=\"black-underline\">Experiencia y prestigio<\/h3>\n<p>&nbsp;<\/p>\n<p>Con m\u00e1s de 20 a\u00f1os de experiencia en el sector damos soporte a aerol\u00edneas de pasajeros, carga y VIP tanto en mantenimiento de l\u00ednea y en la gesti\u00f3n del mantenimiento.<\/p>\n<p>[\/et_pb_text][et_pb_text _builder_version=\u00bb3.0.101&#8243; background_layout=\u00bblight\u00bb custom_margin=\u00bb40px|||\u00bb]<\/p>\n<h3 class=\"black-underline\">Llegamos a todas partes<\/h3>\n<p>&nbsp;<\/p>\n<p>Tenemos nuestra base en el aeropuerto de Valencia-Espa\u00f1a y disponemos de movilidad mundial, pudiendo llegar donde sea que nuestros clientes nos necesiten.<\/p>\n<p>[\/et_pb_text][\/et_pb_column][\/et_pb_row][et_pb_row _builder_version=\u00bb3.0.101&#8243; module_alignment=\u00bbcenter\u00bb make_fullwidth=\u00bbon\u00bb custom_margin=\u00bb30px||30px|\u00bb][et_pb_column type=\u00bb4_4&#8243;][et_pb_text _builder_version=\u00bb3.0.101&#8243; background_layout=\u00bblight\u00bb]<\/p>\n<h2 style=\"text-align: center;\">Manutenci\u00f3n certificada<\/h2>\n<p style=\"text-align: center;\"><strong>Certificadores<\/strong><br \/>\nEASA \/ FAA en fuselaje ancho y angosto<\/p>\n<p style=\"text-align: center;\"><strong>Mantenimiento completo<\/strong><br \/>\nL\u00ednea y base, programado, AOG, aislamiento de fallos.<\/p>\n<p>[\/et_pb_text][\/et_pb_column][\/et_pb_row][\/et_pb_section][et_pb_section bb_built=\u00bb1&#8243; fullwidth=\u00bboff\u00bb specialty=\u00bboff\u00bb _builder_version=\u00bb3.0.98&#8243; disabled=\u00bboff\u00bb disabled_on=\u00bb||on\u00bb custom_padding=\u00bb0px||0px|\u00bb prev_background_color=\u00bb#000000&#8243; next_background_color=\u00bb#000000&#8243;][et_pb_row _builder_version=\u00bb3.0.98&#8243; custom_margin=\u00bb0px|||\u00bb][et_pb_column type=\u00bb4_4&#8243;][et_pb_image admin_label=\u00bbImagen (BLOQUE VERSI\u00d3N M\u00d3VIL)\u00bb _builder_version=\u00bb3.0.101&#8243; src=\u00bbhttps:\/\/edaviation.net\/es\/wp-content\/uploads\/2018\/04\/Ed-aviation-turbina-avion-2.jpg\u00bb show_in_lightbox=\u00bboff\u00bb url_new_window=\u00bboff\u00bb use_overlay=\u00bboff\u00bb always_center_on_mobile=\u00bbon\u00bb force_fullwidth=\u00bbon\u00bb show_bottom_space=\u00bbon\u00bb align=\u00bbleft\u00bb \/][et_pb_text _builder_version=\u00bb3.0.101&#8243; background_layout=\u00bblight\u00bb]<\/p>\n<h3 class=\"black-underline\">Experiencia y prestigio<\/h3>\n<p>Con m\u00e1s de 20 a\u00f1os de experiencia en el sector damos soporte a aerol\u00edneas de pasajeros, carga y VIP tanto en mantenimiento de l\u00ednea y en la gesti\u00f3n del mantenimiento.<\/p>\n<p>[\/et_pb_text][et_pb_text _builder_version=\u00bb3.0.101&#8243; background_layout=\u00bblight\u00bb]<\/p>\n<h3 class=\"black-underline\">Llegamos a todas partes<\/h3>\n<p>Tenemos nuestra base en el aeropuerto de Valencia-Espa\u00f1a y disponemos de movilidad mundial, pudiendo llegar donde sea que nuestros clientes nos necesiten.<\/p>\n<p>[\/et_pb_text][\/et_pb_column][\/et_pb_row][\/et_pb_section][et_pb_section bb_built=\u00bb1&#8243; fullwidth=\u00bbon\u00bb specialty=\u00bboff\u00bb _builder_version=\u00bb3.0.101&#8243; custom_margin=\u00bb0px|0px|0px|0px\u00bb custom_padding=\u00bb0px|0px|0px|0px\u00bb prev_background_color=\u00bb#000000&#8243; disabled=\u00bboff\u00bb disabled_on=\u00bb||on\u00bb][et_pb_fullwidth_header _builder_version=\u00bb3.0.101&#8243; text_orientation=\u00bbcenter\u00bb header_fullscreen=\u00bboff\u00bb header_scroll_down=\u00bboff\u00bb image_orientation=\u00bbcenter\u00bb background_layout=\u00bblight\u00bb content_orientation=\u00bbcenter\u00bb custom_button_one=\u00bboff\u00bb button_one_icon_placement=\u00bbright\u00bb custom_button_two=\u00bboff\u00bb button_two_icon_placement=\u00bbright\u00bb]<\/p>\n<h2 style=\"text-align: center;\">Manutenci\u00f3n certificada<\/h2>\n<p style=\"text-align: center;\"><strong>Certificadores<\/strong><br \/>\nEASA \/ FAA en fuselaje ancho y angosto<\/p>\n<p style=\"text-align: center;\"><strong>Mantenimiento completo<\/strong><br \/>\nL\u00ednea y base, programado, AOG, aislamiento de fallos.<\/p>\n<p>[\/et_pb_fullwidth_header][\/et_pb_section]<\/p>\n","protected":false},"excerpt":{"rendered":"<p>[et_pb_section bb_built=\u00bb1&#8243; fullwidth=\u00bbon\u00bb specialty=\u00bboff\u00bb _builder_version=\u00bb3.0.101&#8243; background_image=\u00bbhttps:\/\/edaviation.net\/es\/wp-content\/uploads\/2018\/04\/EdAviation-repuestos-para-aviones-valencia-banner-mantenimiento.jpg\u00bb next_background_color=\u00bb#000000&#8243; use_background_color_gradient=\u00bbon\u00bb background_color_gradient_start=\u00bbrgba(13,53,40,0.65)\u00bb background_color_gradient_end=\u00bbrgba(13,53,40,0.5)\u00bb background_color_gradient_overlays_image=\u00bbon\u00bb][et_pb_fullwidth_header _builder_version=\u00bb3.0.101&#8243; text_orientation=\u00bbcenter\u00bb header_fullscreen=\u00bboff\u00bb header_scroll_down=\u00bboff\u00bb image_orientation=\u00bbcenter\u00bb background_layout=\u00bblight\u00bb content_orientation=\u00bbcenter\u00bb custom_button_one=\u00bboff\u00bb button_one_icon_placement=\u00bbright\u00bb custom_button_two=\u00bboff\u00bb button_two_icon_placement=\u00bbright\u00bb title=\u00bb \u00bb disabled=\u00bboff\u00bb disabled_on=\u00bbon|on|\u00bb \/][et_pb_fullwidth_header admin_label=\u00bbT\u00edtulo de anchura completa M\u00d3VIL\u00bb _builder_version=\u00bb3.0.101&#8243; text_orientation=\u00bbleft\u00bb header_fullscreen=\u00bboff\u00bb header_scroll_down=\u00bboff\u00bb image_orientation=\u00bbcenter\u00bb background_layout=\u00bblight\u00bb content_orientation=\u00bbcenter\u00bb custom_button_one=\u00bboff\u00bb button_one_icon_placement=\u00bbright\u00bb custom_button_two=\u00bboff\u00bb button_two_icon_placement=\u00bbright\u00bb disabled=\u00bboff\u00bb disabled_on=\u00bb||on\u00bb saved_tabs=\u00bball\u00bb] Mantenimiento [\/et_pb_fullwidth_header][\/et_pb_section][et_pb_section bb_built=\u00bb1&#8243; fullwidth=\u00bbon\u00bb specialty=\u00bboff\u00bb _builder_version=\u00bb3.0.101&#8243; custom_margin=\u00bb0px|0px|0px|0px\u00bb custom_padding=\u00bb0px|0px|0px|0px\u00bb prev_background_color=\u00bb#000000&#8243; [&hellip;]<\/p>\n","protected":false},"author":1,"featured_media":0,"parent":0,"menu_order":0,"comment_status":"closed","ping_status":"closed","template":"","meta":{"footnotes":""},"class_list":["post-436","page","type-page","status-publish","hentry"],"yoast_head":"<!-- This site is optimized with the Yoast SEO plugin v24.2 - https:\/\/yoast.com\/wordpress\/plugins\/seo\/ -->\n<title>Mantenimiento industria aeron\u00e1utica | Soporte y conservaci\u00f3n ED Aviation<\/title>\n<meta name=\"description\" content=\"Servicio de mantenimiento en la industria aeron\u00e1utica. ED Aviation te propone el mejor soporte y conservaci\u00f3n para aerol\u00edneas de pasajeros, carga y VIP.\" \/>\n<meta name=\"robots\" content=\"noindex, follow, max-snippet:-1, max-image-preview:large, max-video-preview:-1\" \/>\n<meta property=\"og:locale\" content=\"es_ES\" \/>\n<meta property=\"og:type\" content=\"article\" \/>\n<meta property=\"og:title\" content=\"Mantenimiento industria aeron\u00e1utica | Soporte y conservaci\u00f3n ED Aviation\" \/>\n<meta property=\"og:description\" content=\"Servicio de mantenimiento en la industria aeron\u00e1utica. ED Aviation te propone el mejor soporte y conservaci\u00f3n para aerol\u00edneas de pasajeros, carga y VIP.\" \/>\n<meta property=\"og:url\" content=\"https:\/\/edaviation.net\/es\/mantenimiento\/\" \/>\n<meta property=\"og:site_name\" content=\"ED Aviation\" \/>\n<meta property=\"article:modified_time\" content=\"2023-09-14T14:54:22+00:00\" \/>\n<meta name=\"twitter:card\" content=\"summary_large_image\" \/>\n<meta name=\"twitter:label1\" content=\"Tiempo de lectura\" \/>\n\t<meta name=\"twitter:data1\" content=\"5 minutos\" \/>\n<script type=\"application\/ld+json\" class=\"yoast-schema-graph\">{\"@context\":\"https:\/\/schema.org\",\"@graph\":[{\"@type\":\"WebPage\",\"@id\":\"https:\/\/edaviation.net\/es\/mantenimiento\/\",\"url\":\"https:\/\/edaviation.net\/es\/mantenimiento\/\",\"name\":\"Mantenimiento industria aeron\u00e1utica | Soporte y conservaci\u00f3n ED Aviation\",\"isPartOf\":{\"@id\":\"https:\/\/edaviation.net\/es\/#website\"},\"datePublished\":\"2018-03-08T10:52:07+00:00\",\"dateModified\":\"2023-09-14T14:54:22+00:00\",\"description\":\"Servicio de mantenimiento en la industria aeron\u00e1utica. ED Aviation te propone el mejor soporte y conservaci\u00f3n para aerol\u00edneas de pasajeros, carga y VIP.\",\"breadcrumb\":{\"@id\":\"https:\/\/edaviation.net\/es\/mantenimiento\/#breadcrumb\"},\"inLanguage\":\"es\",\"potentialAction\":[{\"@type\":\"ReadAction\",\"target\":[\"https:\/\/edaviation.net\/es\/mantenimiento\/\"]}]},{\"@type\":\"BreadcrumbList\",\"@id\":\"https:\/\/edaviation.net\/es\/mantenimiento\/#breadcrumb\",\"itemListElement\":[{\"@type\":\"ListItem\",\"position\":1,\"name\":\"Portada\",\"item\":\"https:\/\/edaviation.net\/es\/\"},{\"@type\":\"ListItem\",\"position\":2,\"name\":\"Mantenimiento\"}]},{\"@type\":\"WebSite\",\"@id\":\"https:\/\/edaviation.net\/es\/#website\",\"url\":\"https:\/\/edaviation.net\/es\/\",\"name\":\"ED Aviation\",\"description\":\"\",\"potentialAction\":[{\"@type\":\"SearchAction\",\"target\":{\"@type\":\"EntryPoint\",\"urlTemplate\":\"https:\/\/edaviation.net\/es\/?s={search_term_string}\"},\"query-input\":{\"@type\":\"PropertyValueSpecification\",\"valueRequired\":true,\"valueName\":\"search_term_string\"}}],\"inLanguage\":\"es\"}]}<\/script>\n<!-- \/ Yoast SEO plugin. -->","yoast_head_json":{"title":"Mantenimiento industria aeron\u00e1utica | Soporte y conservaci\u00f3n ED Aviation","description":"Servicio de mantenimiento en la industria aeron\u00e1utica. ED Aviation te propone el mejor soporte y conservaci\u00f3n para aerol\u00edneas de pasajeros, carga y VIP.","robots":{"index":"noindex","follow":"follow","max-snippet":"max-snippet:-1","max-image-preview":"max-image-preview:large","max-video-preview":"max-video-preview:-1"},"og_locale":"es_ES","og_type":"article","og_title":"Mantenimiento industria aeron\u00e1utica | Soporte y conservaci\u00f3n ED Aviation","og_description":"Servicio de mantenimiento en la industria aeron\u00e1utica. ED Aviation te propone el mejor soporte y conservaci\u00f3n para aerol\u00edneas de pasajeros, carga y VIP.","og_url":"https:\/\/edaviation.net\/es\/mantenimiento\/","og_site_name":"ED Aviation","article_modified_time":"2023-09-14T14:54:22+00:00","twitter_card":"summary_large_image","twitter_misc":{"Tiempo de lectura":"5 minutos"},"schema":{"@context":"https:\/\/schema.org","@graph":[{"@type":"WebPage","@id":"https:\/\/edaviation.net\/es\/mantenimiento\/","url":"https:\/\/edaviation.net\/es\/mantenimiento\/","name":"Mantenimiento industria aeron\u00e1utica | Soporte y conservaci\u00f3n ED Aviation","isPartOf":{"@id":"https:\/\/edaviation.net\/es\/#website"},"datePublished":"2018-03-08T10:52:07+00:00","dateModified":"2023-09-14T14:54:22+00:00","description":"Servicio de mantenimiento en la industria aeron\u00e1utica. ED Aviation te propone el mejor soporte y conservaci\u00f3n para aerol\u00edneas de pasajeros, carga y VIP.","breadcrumb":{"@id":"https:\/\/edaviation.net\/es\/mantenimiento\/#breadcrumb"},"inLanguage":"es","potentialAction":[{"@type":"ReadAction","target":["https:\/\/edaviation.net\/es\/mantenimiento\/"]}]},{"@type":"BreadcrumbList","@id":"https:\/\/edaviation.net\/es\/mantenimiento\/#breadcrumb","itemListElement":[{"@type":"ListItem","position":1,"name":"Portada","item":"https:\/\/edaviation.net\/es\/"},{"@type":"ListItem","position":2,"name":"Mantenimiento"}]},{"@type":"WebSite","@id":"https:\/\/edaviation.net\/es\/#website","url":"https:\/\/edaviation.net\/es\/","name":"ED Aviation","description":"","potentialAction":[{"@type":"SearchAction","target":{"@type":"EntryPoint","urlTemplate":"https:\/\/edaviation.net\/es\/?s={search_term_string}"},"query-input":{"@type":"PropertyValueSpecification","valueRequired":true,"valueName":"search_term_string"}}],"inLanguage":"es"}]}},"_links":{"self":[{"href":"https:\/\/edaviation.net\/es\/wp-json\/wp\/v2\/pages\/436","targetHints":{"allow":["GET"]}}],"collection":[{"href":"https:\/\/edaviation.net\/es\/wp-json\/wp\/v2\/pages"}],"about":[{"href":"https:\/\/edaviation.net\/es\/wp-json\/wp\/v2\/types\/page"}],"author":[{"embeddable":true,"href":"https:\/\/edaviation.net\/es\/wp-json\/wp\/v2\/users\/1"}],"replies":[{"embeddable":true,"href":"https:\/\/edaviation.net\/es\/wp-json\/wp\/v2\/comments?post=436"}],"version-history":[{"count":23,"href":"https:\/\/edaviation.net\/es\/wp-json\/wp\/v2\/pages\/436\/revisions"}],"predecessor-version":[{"id":773,"href":"https:\/\/edaviation.net\/es\/wp-json\/wp\/v2\/pages\/436\/revisions\/773"}],"wp:attachment":[{"href":"https:\/\/edaviation.net\/es\/wp-json\/wp\/v2\/media?parent=436"}],"curies":[{"name":"wp","href":"https:\/\/api.w.org\/{rel}","templated":true}]}}