{"id":360,"date":"2018-02-13T09:45:16","date_gmt":"2018-02-13T08:45:16","guid":{"rendered":"http:\/\/edaviation.net\/es\/?page_id=360"},"modified":"2023-09-14T16:56:52","modified_gmt":"2023-09-14T14:56:52","slug":"politica-de-privacidad","status":"publish","type":"page","link":"https:\/\/edaviation.net\/es\/politica-de-privacidad\/","title":{"rendered":"Pol\u00edtica de privacidad"},"content":{"rendered":"<p>[et_pb_section bb_built=\u00bb1&#8243; fullwidth=\u00bbon\u00bb specialty=\u00bboff\u00bb _builder_version=\u00bb3.0.98&#8243; background_image=\u00bbhttps:\/\/edaviation.net\/es\/wp-content\/uploads\/2018\/01\/edaviation-repuestos-de-avion-banner-backlground.jpg\u00bb][et_pb_fullwidth_header _builder_version=\u00bb3.0.98&#8243; title=\u00bbPol\u00edtica de privacidad\u00bb text_orientation=\u00bbleft\u00bb header_fullscreen=\u00bboff\u00bb header_scroll_down=\u00bboff\u00bb image_orientation=\u00bbcenter\u00bb background_layout=\u00bblight\u00bb content_orientation=\u00bbcenter\u00bb custom_button_one=\u00bboff\u00bb button_one_icon_placement=\u00bbright\u00bb custom_button_two=\u00bboff\u00bb button_two_icon_placement=\u00bbright\u00bb \/][\/et_pb_section][et_pb_section bb_built=\u00bb1&#8243;][et_pb_row][et_pb_column type=\u00bb4_4&#8243;][et_pb_text _builder_version=\u00bb3.0.98&#8243; background_layout=\u00bblight\u00bb]<\/p>\n<p>EDAVIATION conforme a la legislaci\u00f3n vigente en materia de protecci\u00f3n de datos de car\u00e1cter personal, informa a los usuarios de EDAVIATION.es acerca de su Pol\u00edtica de Protecci\u00f3n de Datos que ser\u00e1 de aplicaci\u00f3n en el tratamiento de los datos personales que sean facilitados por el usuario cuando accede, usa y\/o se registra en EDAVIATION.es.<\/p>\n<p>EDAVIATION garantiza el tratamiento confidencial de los datos personales de los usuarios, as\u00ed como, conforme a lo establecido en el art\u00edculo 9 de la Ley Org\u00e1nica 15\/1999, de 13 de diciembre, de protecci\u00f3n de datos de car\u00e1cter personal, que se han adoptado las medidas de \u00edndole t\u00e9cnica y organizativas necesarias para la seguridad de los datos de car\u00e1cter personal y evitar su alteraci\u00f3n, p\u00e9rdida, tratamiento o acceso no autorizado, habida cuenta del estado de la tecnolog\u00eda, la naturaleza de los datos almacenados y los riesgos a que est\u00e1n expuestos, ya provengan de la acci\u00f3n humana o del medio f\u00edsico o natural.<\/p>\n<p>As\u00ed mismo, EDAVIATION informa al usuario que las instalaciones, sistemas y ficheros en las que se albergan los datos personales cumplen con las medidas de seguridad establecidas en el Real Decreto 994\/1999, de 11 de junio, por el cual se aprueban las medidas de seguridad aplicables a ficheros autom\u00e1ticos con datos de car\u00e1cter personal.<\/p>\n<p><strong>Registro de visitas:<\/strong><\/p>\n<p>EDAVIATION comunica a los usuarios de EDAVIATION.es que la direcci\u00f3n IP con la que accede al servidor de EDAVIATION, la fecha y hora del acceso, as\u00ed como las p\u00e1ginas que visite que est\u00e9n alojadas en este servidor, quedar\u00e1n recogidas y almacenadas en un archivo LOG que ser\u00e1 objeto de tratamiento por parte de EDAVIATION a los efectos de contabilizar las visitas que recibe EDAVIATION.es as\u00ed como para la realizaci\u00f3n de estad\u00edsticas.<\/p>\n<p>Registro de usuarios:<\/p>\n<p>Los datos personales de los usuarios solicitados en el registro de usuarios de EDAVIATION.es son objeto de tratamiento automatizado y se incorporan a un fichero de datos de car\u00e1cter personal responsabilidad de EDAVIATION.es, debidamente registrado en la Agencia de Protecci\u00f3n de datos.<\/p>\n<p>Dichos datos han de ser verdaderos, exactos, completos y actualizados, siendo el usuario el \u00fanico responsable de cualquier da\u00f1o o perjuicio, directo o indirecto, que pudiera ocasionar a EDAVIATION o a cualquier tercero a causa de la falsedad, inexactitud, insuficiencia o no actualizaci\u00f3n de los mismos.<\/p>\n<p>En caso de que el usuario sea menor de edad, se advierte que ha de obtener la autorizaci\u00f3n previa del mayor a cuyo cargo se encuentre para facilitar los datos personales que se soliciten. EDAVIATION se exime de cualquier tipo de responsabilidad por el incumplimiento de este requisito.<\/p>\n<p>La finalidad de la recogida y del tratamiento de los datos personales solicitados en EDAVIATION.es:<\/p>\n<p>La identificaci\u00f3n del usuario con el prop\u00f3sito de una atenci\u00f3n m\u00e1s personalizada.<br \/>\nLa administraci\u00f3n, el estudio y la mejora de la oferta de servicios.<br \/>\nEl estudio y el dise\u00f1o de nuevos servicios en virtud de las preferencias de los usuarios.<br \/>\nEl env\u00edo de informaci\u00f3n t\u00e9cnica, comercial e informativa sobre EDAVIATION.es.<\/p>\n<p>El titular de los datos tendr\u00e1 en todo momento el derecho de acceder a los ficheros automatizados, pudiendo ejercitar los derechos de rectificaci\u00f3n, cancelaci\u00f3n y oposici\u00f3n en los t\u00e9rminos recogidos en la legislaci\u00f3n de protecci\u00f3n de datos. A tal fin, EDAVIATION ha habilitado unos procesos sencillos y gratuitos que est\u00e1n a disposici\u00f3n del usuario.<\/p>\n<p>Los datos personales facilitados a EDAVIATION no ser\u00e1n cedidos a terceros sin autorizaci\u00f3n previa por parte del titular de los mismos, salvo en aquellos casos previstos expresamente por la ley, y siempre que se cumplan los requisitos establecidos en la misma.<\/p>\n<p>En cualquier caso, el consentimiento del usuario para el tratamiento y cesi\u00f3n de sus datos personales ser\u00e1 revocable en todo momento, bastando para ello una comunicaci\u00f3n escrita al responsable del fichero en el domicilio de EDAVIATION en Dosrius. Dicha comunicaci\u00f3n deber\u00e1 realizarse mediante la remisi\u00f3n por conducto fehaciente de una carta firmada por el titular de los datos, con indicaci\u00f3n de su domicilio adjuntando copia de su Documento Nacional de Identidad u otro documento acreditativo.<\/p>\n<p><strong>Uso de Cookies:<\/strong><\/p>\n<p>Con la finalidad de agilizar el servicio ofrecido, identificando con la m\u00e1xima celeridad a cada usuario, EDAVIATION comunica que para el correcto funcionamiento de EDAVIATION.es es necesario el uso de \u201cCookies\u201d. Esta herramienta, que se instala en el disco duro del sistema inform\u00e1tico del usuario, se utiliza para el almacenamiento y la posterior recuperaci\u00f3n de determinada informaci\u00f3n relativa al uso que se realiza de EDAVIATION.es, pero no recoge ning\u00fan dato personal que permita identificar al usuario.<\/p>\n<p>De conformidad con lo dispuesto en la normativa vigente en materia de protecci\u00f3n de datos, se informa a los usuarios que cumplimenten el formulario correspondiente que sus datos de car\u00e1cter personal pasar\u00e1n a formar parte de un fichero automatizado titularidad de EDAVIATION, con domicilio en Avda. de la Plata, 20. 46013 Valencia , con la finalidad de gestionar su suscripci\u00f3n y mantenerle informado de todas las ofertas y promociones que puedan ser de su inter\u00e9s.<\/p>\n<p>EDAVIATION como responsable del tratamiento, le garantiza el cumplimiento de la normativa en materia de protecci\u00f3n de datos, concretamente de la Ley Org\u00e1nica 15\/1999, de 13 de diciembre, de Protecci\u00f3n de Datos de Car\u00e1cter Personal. EDAVIATION dispone de las medidas de seguridad que garantizan la seguridad y la confidencialidad en el tratamiento automatizado de sus datos de car\u00e1cter personal. En todo momento el usuario podr\u00e1 ejercitar sus derechos de acceso, rectificaci\u00f3n, cancelaci\u00f3n y oposici\u00f3n al tratamiento de sus datos, dirigiendo una comunicaci\u00f3n por escrito a la direcci\u00f3n indicada anteriormente o a trav\u00e9s del correo electr\u00f3nico info@edaviation.es.<\/p>\n<p>[\/et_pb_text][\/et_pb_column][\/et_pb_row][\/et_pb_section]<\/p>\n","protected":false},"excerpt":{"rendered":"<p>[et_pb_section bb_built=\u00bb1&#8243; fullwidth=\u00bbon\u00bb specialty=\u00bboff\u00bb _builder_version=\u00bb3.0.98&#8243; background_image=\u00bbhttps:\/\/edaviation.net\/es\/wp-content\/uploads\/2018\/01\/edaviation-repuestos-de-avion-banner-backlground.jpg\u00bb][et_pb_fullwidth_header _builder_version=\u00bb3.0.98&#8243; title=\u00bbPol\u00edtica de privacidad\u00bb text_orientation=\u00bbleft\u00bb header_fullscreen=\u00bboff\u00bb header_scroll_down=\u00bboff\u00bb image_orientation=\u00bbcenter\u00bb background_layout=\u00bblight\u00bb content_orientation=\u00bbcenter\u00bb custom_button_one=\u00bboff\u00bb button_one_icon_placement=\u00bbright\u00bb custom_button_two=\u00bboff\u00bb button_two_icon_placement=\u00bbright\u00bb \/][\/et_pb_section][et_pb_section bb_built=\u00bb1&#8243;][et_pb_row][et_pb_column type=\u00bb4_4&#8243;][et_pb_text _builder_version=\u00bb3.0.98&#8243; background_layout=\u00bblight\u00bb] EDAVIATION conforme a la legislaci\u00f3n vigente en materia de protecci\u00f3n de datos de car\u00e1cter personal, informa a los usuarios de EDAVIATION.es acerca de su Pol\u00edtica de Protecci\u00f3n de Datos que [&hellip;]<\/p>\n","protected":false},"author":1,"featured_media":0,"parent":0,"menu_order":0,"comment_status":"closed","ping_status":"closed","template":"","meta":{"footnotes":""},"class_list":["post-360","page","type-page","status-publish","hentry"],"yoast_head":"<!-- This site is optimized with the Yoast SEO plugin v24.2 - https:\/\/yoast.com\/wordpress\/plugins\/seo\/ -->\n<title>Pol\u00edtica de Privacidad ED Aviation | Industria Aeron\u00e1utica<\/title>\n<meta name=\"description\" content=\"EDAVIATION conforme a la legislaci\u00f3n vigente en materia de protecci\u00f3n de datos de car\u00e1cter personal, informa a los usuarios de EDAVIATION.es acerca de su Pol\u00edtica de Privacidad y Protecci\u00f3n de Datos.\" \/>\n<meta name=\"robots\" content=\"noindex, follow, max-snippet:-1, max-image-preview:large, max-video-preview:-1\" \/>\n<meta property=\"og:locale\" content=\"es_ES\" \/>\n<meta property=\"og:type\" content=\"article\" \/>\n<meta property=\"og:title\" content=\"Pol\u00edtica de Privacidad ED Aviation | Industria Aeron\u00e1utica\" \/>\n<meta property=\"og:description\" content=\"EDAVIATION conforme a la legislaci\u00f3n vigente en materia de protecci\u00f3n de datos de car\u00e1cter personal, informa a los usuarios de EDAVIATION.es acerca de su Pol\u00edtica de Privacidad y Protecci\u00f3n de Datos.\" \/>\n<meta property=\"og:url\" content=\"https:\/\/edaviation.net\/es\/politica-de-privacidad\/\" \/>\n<meta property=\"og:site_name\" content=\"ED Aviation\" \/>\n<meta property=\"article:modified_time\" content=\"2023-09-14T14:56:52+00:00\" \/>\n<meta name=\"twitter:card\" content=\"summary_large_image\" \/>\n<meta name=\"twitter:label1\" content=\"Tiempo de lectura\" \/>\n\t<meta name=\"twitter:data1\" content=\"5 minutos\" \/>\n<script type=\"application\/ld+json\" class=\"yoast-schema-graph\">{\"@context\":\"https:\/\/schema.org\",\"@graph\":[{\"@type\":\"WebPage\",\"@id\":\"https:\/\/edaviation.net\/es\/politica-de-privacidad\/\",\"url\":\"https:\/\/edaviation.net\/es\/politica-de-privacidad\/\",\"name\":\"Pol\u00edtica de Privacidad ED Aviation | Industria Aeron\u00e1utica\",\"isPartOf\":{\"@id\":\"https:\/\/edaviation.net\/es\/#website\"},\"datePublished\":\"2018-02-13T08:45:16+00:00\",\"dateModified\":\"2023-09-14T14:56:52+00:00\",\"description\":\"EDAVIATION conforme a la legislaci\u00f3n vigente en materia de protecci\u00f3n de datos de car\u00e1cter personal, informa a los usuarios de EDAVIATION.es acerca de su Pol\u00edtica de Privacidad y Protecci\u00f3n de Datos.\",\"breadcrumb\":{\"@id\":\"https:\/\/edaviation.net\/es\/politica-de-privacidad\/#breadcrumb\"},\"inLanguage\":\"es\",\"potentialAction\":[{\"@type\":\"ReadAction\",\"target\":[\"https:\/\/edaviation.net\/es\/politica-de-privacidad\/\"]}]},{\"@type\":\"BreadcrumbList\",\"@id\":\"https:\/\/edaviation.net\/es\/politica-de-privacidad\/#breadcrumb\",\"itemListElement\":[{\"@type\":\"ListItem\",\"position\":1,\"name\":\"Portada\",\"item\":\"https:\/\/edaviation.net\/es\/\"},{\"@type\":\"ListItem\",\"position\":2,\"name\":\"Pol\u00edtica de privacidad\"}]},{\"@type\":\"WebSite\",\"@id\":\"https:\/\/edaviation.net\/es\/#website\",\"url\":\"https:\/\/edaviation.net\/es\/\",\"name\":\"ED Aviation\",\"description\":\"\",\"potentialAction\":[{\"@type\":\"SearchAction\",\"target\":{\"@type\":\"EntryPoint\",\"urlTemplate\":\"https:\/\/edaviation.net\/es\/?s={search_term_string}\"},\"query-input\":{\"@type\":\"PropertyValueSpecification\",\"valueRequired\":true,\"valueName\":\"search_term_string\"}}],\"inLanguage\":\"es\"}]}<\/script>\n<!-- \/ Yoast SEO plugin. -->","yoast_head_json":{"title":"Pol\u00edtica de Privacidad ED Aviation | Industria Aeron\u00e1utica","description":"EDAVIATION conforme a la legislaci\u00f3n vigente en materia de protecci\u00f3n de datos de car\u00e1cter personal, informa a los usuarios de EDAVIATION.es acerca de su Pol\u00edtica de Privacidad y Protecci\u00f3n de Datos.","robots":{"index":"noindex","follow":"follow","max-snippet":"max-snippet:-1","max-image-preview":"max-image-preview:large","max-video-preview":"max-video-preview:-1"},"og_locale":"es_ES","og_type":"article","og_title":"Pol\u00edtica de Privacidad ED Aviation | Industria Aeron\u00e1utica","og_description":"EDAVIATION conforme a la legislaci\u00f3n vigente en materia de protecci\u00f3n de datos de car\u00e1cter personal, informa a los usuarios de EDAVIATION.es acerca de su Pol\u00edtica de Privacidad y Protecci\u00f3n de Datos.","og_url":"https:\/\/edaviation.net\/es\/politica-de-privacidad\/","og_site_name":"ED Aviation","article_modified_time":"2023-09-14T14:56:52+00:00","twitter_card":"summary_large_image","twitter_misc":{"Tiempo de lectura":"5 minutos"},"schema":{"@context":"https:\/\/schema.org","@graph":[{"@type":"WebPage","@id":"https:\/\/edaviation.net\/es\/politica-de-privacidad\/","url":"https:\/\/edaviation.net\/es\/politica-de-privacidad\/","name":"Pol\u00edtica de Privacidad ED Aviation | Industria Aeron\u00e1utica","isPartOf":{"@id":"https:\/\/edaviation.net\/es\/#website"},"datePublished":"2018-02-13T08:45:16+00:00","dateModified":"2023-09-14T14:56:52+00:00","description":"EDAVIATION conforme a la legislaci\u00f3n vigente en materia de protecci\u00f3n de datos de car\u00e1cter personal, informa a los usuarios de EDAVIATION.es acerca de su Pol\u00edtica de Privacidad y Protecci\u00f3n de Datos.","breadcrumb":{"@id":"https:\/\/edaviation.net\/es\/politica-de-privacidad\/#breadcrumb"},"inLanguage":"es","potentialAction":[{"@type":"ReadAction","target":["https:\/\/edaviation.net\/es\/politica-de-privacidad\/"]}]},{"@type":"BreadcrumbList","@id":"https:\/\/edaviation.net\/es\/politica-de-privacidad\/#breadcrumb","itemListElement":[{"@type":"ListItem","position":1,"name":"Portada","item":"https:\/\/edaviation.net\/es\/"},{"@type":"ListItem","position":2,"name":"Pol\u00edtica de privacidad"}]},{"@type":"WebSite","@id":"https:\/\/edaviation.net\/es\/#website","url":"https:\/\/edaviation.net\/es\/","name":"ED Aviation","description":"","potentialAction":[{"@type":"SearchAction","target":{"@type":"EntryPoint","urlTemplate":"https:\/\/edaviation.net\/es\/?s={search_term_string}"},"query-input":{"@type":"PropertyValueSpecification","valueRequired":true,"valueName":"search_term_string"}}],"inLanguage":"es"}]}},"_links":{"self":[{"href":"https:\/\/edaviation.net\/es\/wp-json\/wp\/v2\/pages\/360","targetHints":{"allow":["GET"]}}],"collection":[{"href":"https:\/\/edaviation.net\/es\/wp-json\/wp\/v2\/pages"}],"about":[{"href":"https:\/\/edaviation.net\/es\/wp-json\/wp\/v2\/types\/page"}],"author":[{"embeddable":true,"href":"https:\/\/edaviation.net\/es\/wp-json\/wp\/v2\/users\/1"}],"replies":[{"embeddable":true,"href":"https:\/\/edaviation.net\/es\/wp-json\/wp\/v2\/comments?post=360"}],"version-history":[{"count":3,"href":"https:\/\/edaviation.net\/es\/wp-json\/wp\/v2\/pages\/360\/revisions"}],"predecessor-version":[{"id":717,"href":"https:\/\/edaviation.net\/es\/wp-json\/wp\/v2\/pages\/360\/revisions\/717"}],"wp:attachment":[{"href":"https:\/\/edaviation.net\/es\/wp-json\/wp\/v2\/media?parent=360"}],"curies":[{"name":"wp","href":"https:\/\/api.w.org\/{rel}","templated":true}]}}