{"id":353,"date":"2018-02-13T09:39:22","date_gmt":"2018-02-13T08:39:22","guid":{"rendered":"http:\/\/edaviation.net\/es\/?page_id=353"},"modified":"2023-09-14T16:50:08","modified_gmt":"2023-09-14T14:50:08","slug":"aviso-legal","status":"publish","type":"page","link":"https:\/\/edaviation.net\/es\/aviso-legal\/","title":{"rendered":"Aviso legal"},"content":{"rendered":"<p>[et_pb_section bb_built=\u00bb1&#8243; fullwidth=\u00bbon\u00bb specialty=\u00bboff\u00bb _builder_version=\u00bb3.0.98&#8243; background_image=\u00bbhttps:\/\/edaviation.net\/es\/wp-content\/uploads\/2018\/01\/edaviation-repuestos-de-avion-banner-backlground.jpg\u00bb][et_pb_fullwidth_header _builder_version=\u00bb3.0.98&#8243; text_orientation=\u00bbleft\u00bb header_fullscreen=\u00bboff\u00bb header_scroll_down=\u00bboff\u00bb image_orientation=\u00bbcenter\u00bb background_layout=\u00bblight\u00bb content_orientation=\u00bbcenter\u00bb custom_button_one=\u00bboff\u00bb button_one_icon_placement=\u00bbright\u00bb custom_button_two=\u00bboff\u00bb button_two_icon_placement=\u00bbright\u00bb title=\u00bbAviso legal\u00bb \/][\/et_pb_section][et_pb_section bb_built=\u00bb1&#8243;][et_pb_row][et_pb_column type=\u00bb4_4&#8243;][et_pb_text _builder_version=\u00bb3.0.98&#8243; background_layout=\u00bblight\u00bb]<\/p>\n<p>EDAVIATION pone a disposici\u00f3n de todos los internautas el portal EDAVIATION.es, en los t\u00e9rminos recogidos en las siguientes condiciones:<br \/>\nPrimera.- Definici\u00f3n de usuario<\/p>\n<p>El acceso y\/o el uso de EDAVIATION.es otorga a quien lo realiza la condici\u00f3n de usuario del mismo, aceptando desde ese momento y sin reserva alguna las presentes Condiciones Generales, sin perjuicio de las Condiciones Particulares que pudiera establecer EDAVIATION para la regulaci\u00f3n de determinados servicios y\/o contenidos.<\/p>\n<p>En caso de que el usuario sea menor de edad habr\u00e1 de obtener previamente permiso de sus padres, tutores o representantes legales, quienes ser\u00e1n considerados responsables a todos los efectos de todos los actos realizados por los menores a su cargo.<\/p>\n<p>Segunda.- Obligaciones del usuario.<\/p>\n<p>El usuario se obliga a usar EDAVIATION.es conforme a la legalidad vigente, la buena fe, el orden p\u00fablico y los usos y costumbres generalmente aceptados.<\/p>\n<p>Asimismo, el usuario se obliga a no utilizar EDAVIATION.es con fines il\u00edcitos o lesivos para los derechos y\/o intereses de EDAVIATION y\/o terceros, y a no causar perjuicios o impedir el normal funcionamiento de EDAVIATION.es.<\/p>\n<p>Tercera.- Responsabilidad del usuario.<\/p>\n<p>El uso que realice el usuario de EDAVIATION.es ser\u00e1 responsabilidad \u00fanica y exclusiva de \u00e9ste, manteniendo en todo caso indemne a EDAVIATION de cualquier da\u00f1o y\/o perjuicio que directa o indirectamente, la no observaci\u00f3n de las presentes Condiciones Generales por parte del usuario pudiera ocasionar al propio usuario o a terceros.<\/p>\n<p>En este sentido, EDAVIATION se reserva el derecho a denegar el acceso y\/o uso de EDAVIATION.es o de cualquiera de sus contenidos y\/o servicios, a cualquier usuario que hubiera incumplido las presentes Condiciones Generales.<\/p>\n<p>Cuarta.- Responsabilidad de EDAVIATION.<\/p>\n<p>EDAVIATION no se hace responsable de los da\u00f1os y\/o perjuicios de cualquier naturaleza que pudiera sufrir el usuario o un tercero derivados de:<\/p>\n<p>la falta de disponibilidad, mantenimiento o efectivo funcionamiento de EDAVIATION.es, de sus servicios o de sus contenidos;<br \/>\nde la falta de utilidad, veracidad, adecuaci\u00f3n o validez de EDAVIATION.es, de sus servicios o de sus contenidos para satisfacer las necesidades o expectativas del usuario; de que un tercero, quebrantando las medidas de seguridad establecidas por EDAVIATION, utilice EDAVIATION.es, sus contenidos o servicios para la remisi\u00f3n de virus, o acceda a realizar un tratamiento no autorizado de los datos almacenados por EDAVIATION; ni, en general, de cualquier uso de EDAVIATION.es, sus servicios y\/o contenidos que pudiera realizar el usuario o un tercero, en contra de las Condiciones de acceso y uso de los mismos establecidas por EDAVIATION.<\/p>\n<p>Quinta.- Autorizaci\u00f3n de uso de los contenidos.<\/p>\n<p>Los contenidos que EDAVIATION pone a disposici\u00f3n del usuario est\u00e1n protegidos por los derechos de propiedad intelectual necesarios y han sido legalmente cedidos a los fines oportunos por los correspondientes titulares de los mismos.<\/p>\n<p>EDAVIATION autoriza al usuario a hacer uso de los mismos a los fines expresamente recogidos en EDAVIATION.es o en las presentes Condiciones Generales, quedando prohibida la reproducci\u00f3n, distribuci\u00f3n, modificaci\u00f3n o comunicaci\u00f3n p\u00fablica de los mismos total o parcial, excepto para los casos en los que, previa solicitud, EDAVIATION acepte su reproducci\u00f3n.<\/p>\n<p>Sexta.- Autorizaci\u00f3n de uso de las marcas y logotipos.<\/p>\n<p>EDAVIATION es titular de todos los derechos de propiedad industrial sobre las marcas y logotipos que aparecen en EDAVIATION.es, quedando expresamente prohibido el uso o reproducci\u00f3n de los mismos m\u00e1s all\u00e1 de los expresamente previstos en las presentes Condiciones.<\/p>\n<p>S\u00e9ptima.- Directorio de Enlaces.<\/p>\n<p>Los dispositivos de enlace que EDAVIATION pone a disposici\u00f3n del usuario tienen como \u00fanica finalidad facilitar el acceso a otros contenidos y\/o servicios que pudieran ser de su inter\u00e9s, no estando \u00e9stos gestionados ni controlados por EDAVIATION.<\/p>\n<p>EDAVIATION no asume ning\u00fan tipo de responsabilidad directa ni indirecta en relaci\u00f3n con la licitud, veracidad, utilidad, calidad o fiabilidad de los contenidos y\/o servicios que no est\u00e9n directamente gestionados o controlados por EDAVIATION, aunque \u00e9stos puedan ser accesibles a trav\u00e9s de EDAVIATION.es.<\/p>\n<p>Octava.- Tratamiento de datos personales.<\/p>\n<p>EDAVIATION tiene establecida una Pol\u00edtica de Privacidad que regula la recogida, almacenamiento, tratamiento y uso de los datos personales que el usuario facilite a EDAVIATION. En este sentido, EDAVIATION garantiza el cumplimiento por su parte de dicha pol\u00edtica que puede ser consultada por el usuario accediendo al enlace Pol\u00edtica de Privacidad que aparece en el apartado Informaci\u00f3n.<\/p>\n<p>Novena.- Modificaci\u00f3n y cancelaci\u00f3n de las presentes Condiciones.<\/p>\n<p>EDAVIATION se reserva el derecho a modificar total o parcialmente EDAVIATION.es, su dise\u00f1o, contenidos y\/o servicios, as\u00ed como las presentes Condiciones cuando as\u00ed lo estime oportuno.<\/p>\n<p>Igualmente, EDAVIATION se reserva el derecho a interrumpir, suspender temporalmente o cancelar definitivamente EDAVIATION.es o cualquiera de los contenidos y\/o servicios que lo integran, a su sola y entera discreci\u00f3n.<\/p>\n<p>D\u00e9cima.- Legislaci\u00f3n aplicable y resoluci\u00f3n de conflictos.<\/p>\n<p>Las partes, renunciando expresamente a su propio fuero, aceptan como legislaci\u00f3n rectora de las presentes Condiciones la espa\u00f1ola, y para la resoluci\u00f3n de cuantas controversias o litigios pudieran derivarse de las mismas acuerdan someterse a la jurisdicci\u00f3n de los Juzgados y Tribunales de Valencia.<\/p>\n<p>Und\u00e9cima.- Este sitio web usa Google Analytics.<\/p>\n<p>Google Analytics, un servicio anal\u00edtico de web prestado por Google, Inc., una compa\u00f1\u00eda de Delaware cuya oficina principal est\u00e1 en 1600 Amphitheatre Parkway, Mountain View (California), CA 94043, Estados Unidos (\u201cGoogle\u201d). Google Analytics utiliza \u201ccookies\u201d, que son archivos de texto ubicados en su ordenador, para ayudar al website a analizar el uso que hacen los usuarios del sitio web. La informaci\u00f3n que genera la cookie acerca de su uso del website (incluyendo su direcci\u00f3n IP) ser\u00e1 directamente transmitida y archivada por Google en los servidores de Estados Unidos. Google usar\u00e1 esta informaci\u00f3n por cuenta nuestra con el prop\u00f3sito de seguir la pista de su uso del website, recopilando informes de la actividad del website y prestando otros servicios relacionados con la actividad del website y el uso de Internet. Google podr\u00e1 transmitir dicha informaci\u00f3n a terceros cuando as\u00ed se lo requiera la legislaci\u00f3n, o cuando dichos terceros procesen la informaci\u00f3n por cuenta de Google. Google no asociar\u00e1 su direcci\u00f3n IP con ning\u00fan otro dato del que disponga Google. Puede Usted rechazar el tratamiento de los datos o la informaci\u00f3n rechazando el uso de cookies mediante la selecci\u00f3n de la configuraci\u00f3n apropiada de su navegador, sin embargo, debe Usted saber que si lo hace puede ser que no pueda usar la plena funcionabilidad de este website. Al utilizar este website Usted consiente el tratamiento de informaci\u00f3n acerca de Usted por Google en la forma y para los fines arriba indicados.<\/p>\n<p>Google, como proveedor asociado, utiliza cookies para publicar anuncios en este sitio web. Los usuarios pueden inhabilitar el uso de la cookie de DART a trav\u00e9s del anuncio de Google y accediendo a la pol\u00edtica de privacidad de la red de contenido. Google utiliza empresas publicitarias asociadas para publicar anuncios cuando visita nuestro sitio web. Es posible que estas empresas usen la informaci\u00f3n que obtienen de sus visitas a este y otros sitios web (sin incluir su nombre, direcci\u00f3n, direcci\u00f3n de correo electr\u00f3nico o n\u00famero de tel\u00e9fono) para ofrecerle anuncios sobre productos y servicios que le resulten de inter\u00e9s. Si desea obtener m\u00e1s informaci\u00f3n sobre esta pr\u00e1ctica y conocer sus opciones para impedir que estas empresas usen esta informaci\u00f3n, haga clic aqu\u00ed.<\/p>\n<p>[\/et_pb_text][\/et_pb_column][\/et_pb_row][\/et_pb_section]<\/p>\n","protected":false},"excerpt":{"rendered":"<p>[et_pb_section bb_built=\u00bb1&#8243; fullwidth=\u00bbon\u00bb specialty=\u00bboff\u00bb _builder_version=\u00bb3.0.98&#8243; background_image=\u00bbhttps:\/\/edaviation.net\/es\/wp-content\/uploads\/2018\/01\/edaviation-repuestos-de-avion-banner-backlground.jpg\u00bb][et_pb_fullwidth_header _builder_version=\u00bb3.0.98&#8243; text_orientation=\u00bbleft\u00bb header_fullscreen=\u00bboff\u00bb header_scroll_down=\u00bboff\u00bb image_orientation=\u00bbcenter\u00bb background_layout=\u00bblight\u00bb content_orientation=\u00bbcenter\u00bb custom_button_one=\u00bboff\u00bb button_one_icon_placement=\u00bbright\u00bb custom_button_two=\u00bboff\u00bb button_two_icon_placement=\u00bbright\u00bb title=\u00bbAviso legal\u00bb \/][\/et_pb_section][et_pb_section bb_built=\u00bb1&#8243;][et_pb_row][et_pb_column type=\u00bb4_4&#8243;][et_pb_text _builder_version=\u00bb3.0.98&#8243; background_layout=\u00bblight\u00bb] EDAVIATION pone a disposici\u00f3n de todos los internautas el portal EDAVIATION.es, en los t\u00e9rminos recogidos en las siguientes condiciones: Primera.- Definici\u00f3n de usuario El acceso y\/o el uso de EDAVIATION.es otorga [&hellip;]<\/p>\n","protected":false},"author":1,"featured_media":0,"parent":0,"menu_order":0,"comment_status":"closed","ping_status":"closed","template":"","meta":{"footnotes":""},"class_list":["post-353","page","type-page","status-publish","hentry"],"yoast_head":"<!-- This site is optimized with the Yoast SEO plugin v24.2 - https:\/\/yoast.com\/wordpress\/plugins\/seo\/ -->\n<title>Aviso Legal ED Aviation | Expertos en el campo de la aviaci\u00f3n<\/title>\n<meta name=\"description\" content=\"EDAVIATION pone a disposici\u00f3n de todos los internautas el portal EDAVIATION.es, en los t\u00e9rminos recogidos en las condiciones en su Aviso Legal.\" \/>\n<meta name=\"robots\" content=\"noindex, follow, max-snippet:-1, max-image-preview:large, max-video-preview:-1\" \/>\n<meta property=\"og:locale\" content=\"es_ES\" \/>\n<meta property=\"og:type\" content=\"article\" \/>\n<meta property=\"og:title\" content=\"Aviso Legal ED Aviation | Expertos en el campo de la aviaci\u00f3n\" \/>\n<meta property=\"og:description\" content=\"EDAVIATION pone a disposici\u00f3n de todos los internautas el portal EDAVIATION.es, en los t\u00e9rminos recogidos en las condiciones en su Aviso Legal.\" \/>\n<meta property=\"og:url\" content=\"https:\/\/edaviation.net\/es\/aviso-legal\/\" \/>\n<meta property=\"og:site_name\" content=\"ED Aviation\" \/>\n<meta property=\"article:modified_time\" content=\"2023-09-14T14:50:08+00:00\" \/>\n<meta name=\"twitter:card\" content=\"summary_large_image\" \/>\n<meta name=\"twitter:label1\" content=\"Tiempo de lectura\" \/>\n\t<meta name=\"twitter:data1\" content=\"7 minutos\" \/>\n<script type=\"application\/ld+json\" class=\"yoast-schema-graph\">{\"@context\":\"https:\/\/schema.org\",\"@graph\":[{\"@type\":\"WebPage\",\"@id\":\"https:\/\/edaviation.net\/es\/aviso-legal\/\",\"url\":\"https:\/\/edaviation.net\/es\/aviso-legal\/\",\"name\":\"Aviso Legal ED Aviation | Expertos en el campo de la aviaci\u00f3n\",\"isPartOf\":{\"@id\":\"https:\/\/edaviation.net\/es\/#website\"},\"datePublished\":\"2018-02-13T08:39:22+00:00\",\"dateModified\":\"2023-09-14T14:50:08+00:00\",\"description\":\"EDAVIATION pone a disposici\u00f3n de todos los internautas el portal EDAVIATION.es, en los t\u00e9rminos recogidos en las condiciones en su Aviso Legal.\",\"breadcrumb\":{\"@id\":\"https:\/\/edaviation.net\/es\/aviso-legal\/#breadcrumb\"},\"inLanguage\":\"es\",\"potentialAction\":[{\"@type\":\"ReadAction\",\"target\":[\"https:\/\/edaviation.net\/es\/aviso-legal\/\"]}]},{\"@type\":\"BreadcrumbList\",\"@id\":\"https:\/\/edaviation.net\/es\/aviso-legal\/#breadcrumb\",\"itemListElement\":[{\"@type\":\"ListItem\",\"position\":1,\"name\":\"Portada\",\"item\":\"https:\/\/edaviation.net\/es\/\"},{\"@type\":\"ListItem\",\"position\":2,\"name\":\"Aviso legal\"}]},{\"@type\":\"WebSite\",\"@id\":\"https:\/\/edaviation.net\/es\/#website\",\"url\":\"https:\/\/edaviation.net\/es\/\",\"name\":\"ED Aviation\",\"description\":\"\",\"potentialAction\":[{\"@type\":\"SearchAction\",\"target\":{\"@type\":\"EntryPoint\",\"urlTemplate\":\"https:\/\/edaviation.net\/es\/?s={search_term_string}\"},\"query-input\":{\"@type\":\"PropertyValueSpecification\",\"valueRequired\":true,\"valueName\":\"search_term_string\"}}],\"inLanguage\":\"es\"}]}<\/script>\n<!-- \/ Yoast SEO plugin. -->","yoast_head_json":{"title":"Aviso Legal ED Aviation | Expertos en el campo de la aviaci\u00f3n","description":"EDAVIATION pone a disposici\u00f3n de todos los internautas el portal EDAVIATION.es, en los t\u00e9rminos recogidos en las condiciones en su Aviso Legal.","robots":{"index":"noindex","follow":"follow","max-snippet":"max-snippet:-1","max-image-preview":"max-image-preview:large","max-video-preview":"max-video-preview:-1"},"og_locale":"es_ES","og_type":"article","og_title":"Aviso Legal ED Aviation | Expertos en el campo de la aviaci\u00f3n","og_description":"EDAVIATION pone a disposici\u00f3n de todos los internautas el portal EDAVIATION.es, en los t\u00e9rminos recogidos en las condiciones en su Aviso Legal.","og_url":"https:\/\/edaviation.net\/es\/aviso-legal\/","og_site_name":"ED Aviation","article_modified_time":"2023-09-14T14:50:08+00:00","twitter_card":"summary_large_image","twitter_misc":{"Tiempo de lectura":"7 minutos"},"schema":{"@context":"https:\/\/schema.org","@graph":[{"@type":"WebPage","@id":"https:\/\/edaviation.net\/es\/aviso-legal\/","url":"https:\/\/edaviation.net\/es\/aviso-legal\/","name":"Aviso Legal ED Aviation | Expertos en el campo de la aviaci\u00f3n","isPartOf":{"@id":"https:\/\/edaviation.net\/es\/#website"},"datePublished":"2018-02-13T08:39:22+00:00","dateModified":"2023-09-14T14:50:08+00:00","description":"EDAVIATION pone a disposici\u00f3n de todos los internautas el portal EDAVIATION.es, en los t\u00e9rminos recogidos en las condiciones en su Aviso Legal.","breadcrumb":{"@id":"https:\/\/edaviation.net\/es\/aviso-legal\/#breadcrumb"},"inLanguage":"es","potentialAction":[{"@type":"ReadAction","target":["https:\/\/edaviation.net\/es\/aviso-legal\/"]}]},{"@type":"BreadcrumbList","@id":"https:\/\/edaviation.net\/es\/aviso-legal\/#breadcrumb","itemListElement":[{"@type":"ListItem","position":1,"name":"Portada","item":"https:\/\/edaviation.net\/es\/"},{"@type":"ListItem","position":2,"name":"Aviso legal"}]},{"@type":"WebSite","@id":"https:\/\/edaviation.net\/es\/#website","url":"https:\/\/edaviation.net\/es\/","name":"ED Aviation","description":"","potentialAction":[{"@type":"SearchAction","target":{"@type":"EntryPoint","urlTemplate":"https:\/\/edaviation.net\/es\/?s={search_term_string}"},"query-input":{"@type":"PropertyValueSpecification","valueRequired":true,"valueName":"search_term_string"}}],"inLanguage":"es"}]}},"_links":{"self":[{"href":"https:\/\/edaviation.net\/es\/wp-json\/wp\/v2\/pages\/353","targetHints":{"allow":["GET"]}}],"collection":[{"href":"https:\/\/edaviation.net\/es\/wp-json\/wp\/v2\/pages"}],"about":[{"href":"https:\/\/edaviation.net\/es\/wp-json\/wp\/v2\/types\/page"}],"author":[{"embeddable":true,"href":"https:\/\/edaviation.net\/es\/wp-json\/wp\/v2\/users\/1"}],"replies":[{"embeddable":true,"href":"https:\/\/edaviation.net\/es\/wp-json\/wp\/v2\/comments?post=353"}],"version-history":[{"count":5,"href":"https:\/\/edaviation.net\/es\/wp-json\/wp\/v2\/pages\/353\/revisions"}],"predecessor-version":[{"id":716,"href":"https:\/\/edaviation.net\/es\/wp-json\/wp\/v2\/pages\/353\/revisions\/716"}],"wp:attachment":[{"href":"https:\/\/edaviation.net\/es\/wp-json\/wp\/v2\/media?parent=353"}],"curies":[{"name":"wp","href":"https:\/\/api.w.org\/{rel}","templated":true}]}}