{"id":204,"date":"2018-02-02T10:44:37","date_gmt":"2018-02-02T09:44:37","guid":{"rendered":"http:\/\/edaviation.net\/es\/?page_id=204"},"modified":"2023-09-14T16:57:14","modified_gmt":"2023-09-14T14:57:14","slug":"sobre-nosotros","status":"publish","type":"page","link":"https:\/\/edaviation.net\/es\/sobre-nosotros\/","title":{"rendered":"Sobre nosotros"},"content":{"rendered":"<p>[et_pb_section bb_built=\u00bb1&#8243; fullwidth=\u00bbon\u00bb specialty=\u00bboff\u00bb _builder_version=\u00bb3.0.101&#8243; background_image=\u00bbhttps:\/\/edaviation.net\/es\/wp-content\/uploads\/2018\/04\/EdAviation-banner-sobre-nosotros-2.jpg\u00bb next_background_color=\u00bb#000000&#8243; use_background_color_gradient=\u00bbon\u00bb background_color_gradient_start=\u00bbrgba(13,53,40,0.5)\u00bb background_color_gradient_end=\u00bbrgba(13,53,40,0.5)\u00bb background_color_gradient_direction=\u00bb360deg\u00bb background_color_gradient_overlays_image=\u00bbon\u00bb][et_pb_fullwidth_header admin_label=\u00bbT\u00edtulo sobre nosotros\u00bb _builder_version=\u00bb3.0.101&#8243; text_orientation=\u00bbcenter\u00bb header_fullscreen=\u00bboff\u00bb header_scroll_down=\u00bboff\u00bb image_orientation=\u00bbcenter\u00bb background_layout=\u00bblight\u00bb content_orientation=\u00bbcenter\u00bb custom_button_one=\u00bboff\u00bb button_one_icon_placement=\u00bbright\u00bb custom_button_two=\u00bboff\u00bb button_two_icon_placement=\u00bbright\u00bb title=\u00bb \u00bb disabled=\u00bboff\u00bb disabled_on=\u00bbon|on|\u00bb \/][et_pb_fullwidth_header admin_label=\u00bbT\u00edtulo de anchura completa M\u00d3VIL\u00bb _builder_version=\u00bb3.0.101&#8243; text_orientation=\u00bbleft\u00bb header_fullscreen=\u00bboff\u00bb header_scroll_down=\u00bboff\u00bb image_orientation=\u00bbcenter\u00bb background_layout=\u00bblight\u00bb content_orientation=\u00bbcenter\u00bb custom_button_one=\u00bboff\u00bb button_one_icon_placement=\u00bbright\u00bb custom_button_two=\u00bboff\u00bb button_two_icon_placement=\u00bbright\u00bb disabled=\u00bboff\u00bb disabled_on=\u00bb||on\u00bb]<\/p>\n<h1 id=\"titulo-movil\">Sobre nosotros<\/h1>\n<p>[\/et_pb_fullwidth_header][\/et_pb_section][et_pb_section bb_built=\u00bb1&#8243; fullwidth=\u00bbon\u00bb specialty=\u00bboff\u00bb _builder_version=\u00bb3.0.101&#8243; custom_margin=\u00bb0px|0px|0px|0px\u00bb custom_padding=\u00bb0px|0px|0px|0px\u00bb prev_background_color=\u00bb#000000&#8243; next_background_color=\u00bb#000000&#8243; disabled=\u00bboff\u00bb disabled_on=\u00bb||on\u00bb][et_pb_fullwidth_header admin_label=\u00bbTexto introductorio\u00bb _builder_version=\u00bb3.0.101&#8243; text_orientation=\u00bbjustified\u00bb header_fullscreen=\u00bboff\u00bb header_scroll_down=\u00bboff\u00bb image_orientation=\u00bbcenter\u00bb background_layout=\u00bblight\u00bb content_orientation=\u00bbcenter\u00bb custom_button_one=\u00bboff\u00bb button_one_icon_placement=\u00bbright\u00bb custom_button_two=\u00bboff\u00bb button_two_icon_placement=\u00bbright\u00bb]<\/p>\n<h2 style=\"text-align: center;\">ED Aviation: experiencia y calidad<\/h2>\n<p>Con m\u00e1s de 20 a\u00f1os de experiencia en la industria aeron\u00e1utica, en 2013 decidimos fundar ED Aviation con el objetivo de convertirnos en una empresa referente en el sector de la aviaci\u00f3n comercial<\/p>\n<p>[\/et_pb_fullwidth_header][\/et_pb_section][et_pb_section bb_built=\u00bb1&#8243; fullwidth=\u00bboff\u00bb specialty=\u00bboff\u00bb _builder_version=\u00bb3.0.101&#8243; custom_margin=\u00bb0px|0px|0px|0px\u00bb custom_padding=\u00bb20px|0px|20px|0px\u00bb disabled=\u00bboff\u00bb disabled_on=\u00bbon|on|\u00bb custom_margin_last_edited=\u00bbon|phone\u00bb custom_padding_last_edited=\u00bbon|desktop\u00bb animation_direction=\u00bbright\u00bb animation_intensity_slide=\u00bb20%\u00bb prev_background_color=\u00bb#000000&#8243; next_background_color=\u00bb#000000&#8243; background_image=\u00bbhttps:\/\/edaviation.net\/es\/wp-content\/uploads\/2018\/01\/EdAviation-repuestos-para-aviones-valencia-sobre-nosotros-1.png\u00bb][et_pb_row _builder_version=\u00bb3.0.101&#8243; module_alignment=\u00bbcenter\u00bb make_fullwidth=\u00bbon\u00bb custom_margin=\u00bb30px||30px|\u00bb][et_pb_column type=\u00bb4_4&#8243;][et_pb_text _builder_version=\u00bb3.0.101&#8243; background_layout=\u00bblight\u00bb]<\/p>\n<h2 style=\"text-align: center;\">ED Aviation: experiencia y calidad<\/h2>\n<p style=\"text-align: center;\">Con m\u00e1s de 20 a\u00f1os de experiencia en la industria aeron\u00e1utica, en 2013 decidimos fundar ED Aviation con el objetivo de convertirnos en una empresa referente en el sector de la aviaci\u00f3n comercial<\/p>\n<p>[\/et_pb_text][\/et_pb_column][\/et_pb_row][et_pb_row _builder_version=\u00bb3.0.101&#8243; make_fullwidth=\u00bbon\u00bb use_custom_gutter=\u00bbon\u00bb gutter_width=\u00bb1&#8243; make_equal=\u00bbon\u00bb custom_margin=\u00bb0px|0px|0px|0px\u00bb custom_padding=\u00bb0px|0px|0px|0px\u00bb disabled=\u00bboff\u00bb disabled_on=\u00bboff|off|\u00bb padding_top_2=\u00bb0px\u00bb padding_right_2=\u00bb100px\u00bb padding_bottom_2=\u00bb50px\u00bb padding_left_2=\u00bb100px\u00bb padding_2_tablet=\u00bb0px|0px|0px|0px\u00bb padding_2_last_edited=\u00bbon|desktop\u00bb custom_margin_last_edited=\u00bbon|tablet\u00bb custom_padding_last_edited=\u00bbon|tablet\u00bb][et_pb_column type=\u00bb1_2&#8243;][et_pb_image _builder_version=\u00bb3.0.101&#8243; src=\u00bbhttps:\/\/edaviation.net\/es\/wp-content\/uploads\/2018\/04\/EdAviation-repuestos-para-aviones-Valencia-Sobre-nosotros-3.jpg\u00bb show_in_lightbox=\u00bboff\u00bb url_new_window=\u00bboff\u00bb use_overlay=\u00bboff\u00bb always_center_on_mobile=\u00bbon\u00bb force_fullwidth=\u00bbon\u00bb show_bottom_space=\u00bbon\u00bb align=\u00bbleft\u00bb \/][et_pb_text admin_label=\u00bbCr\u00e9ditos imagen\u00bb _builder_version=\u00bb3.0.101&#8243; background_layout=\u00bbdark\u00bb custom_margin=\u00bb-30px|||\u00bb]<\/p>\n<p>\u00a9 Tom Storf<\/p>\n<p>[\/et_pb_text][\/et_pb_column][et_pb_column type=\u00bb1_2&#8243;][et_pb_text _builder_version=\u00bb3.0.101&#8243; background_layout=\u00bblight\u00bb]<\/p>\n<h3 class=\"black-underline\">Una empresa que atiende tus necesidades<\/h3>\n<p>&nbsp;<\/p>\n<p>En ED Aviation contamos con un equipo de excelentes profesionales que nos permite garantizar la r\u00e1pida respuesta y asesorar en toma de decisiones.<\/p>\n<p>[\/et_pb_text][et_pb_text _builder_version=\u00bb3.0.101&#8243; background_layout=\u00bblight\u00bb custom_margin=\u00bb40px|||\u00bb]<\/p>\n<h3 class=\"black-underline\">Qu\u00e9 ofrecemos<\/h3>\n<p>&nbsp;<\/p>\n<p>Nuestras l\u00edneas de negocio son la distribuci\u00f3n de material civil aeron\u00e1utico, la ingenier\u00eda y el mantenimiento.<\/p>\n<p>[\/et_pb_text][et_pb_divider _builder_version=\u00bb3.0.98&#8243; \/][et_pb_button _builder_version=\u00bb3.0.98&#8243; button_text=\u00bbDescargar presentaci\u00f3n\u00bb button_url=\u00bbhttps:\/\/drive.google.com\/file\/d\/1vWMa7sWEAvFwJHPDf7V7LZUiM2du8h5l\/view\u00bb url_new_window=\u00bbon\u00bb background_layout=\u00bblight\u00bb custom_button=\u00bboff\u00bb button_icon_placement=\u00bbright\u00bb \/][\/et_pb_column][\/et_pb_row][et_pb_row _builder_version=\u00bb3.0.101&#8243; module_alignment=\u00bbcenter\u00bb make_fullwidth=\u00bbon\u00bb custom_margin=\u00bb30px||30px|\u00bb][et_pb_column type=\u00bb4_4&#8243;][et_pb_text _builder_version=\u00bb3.0.101&#8243; background_layout=\u00bblight\u00bb]<\/p>\n<h2 style=\"text-align: center;\">Expertos en el campo de la aviaci\u00f3n<\/h2>\n<p style=\"text-align: center;\">Nuestros principales clientes son las Aerol\u00edneas y Centros de Mantenimientos.<\/p>\n<p>[\/et_pb_text][\/et_pb_column][\/et_pb_row][\/et_pb_section][et_pb_section bb_built=\u00bb1&#8243; fullwidth=\u00bboff\u00bb specialty=\u00bboff\u00bb _builder_version=\u00bb3.0.98&#8243; disabled=\u00bboff\u00bb disabled_on=\u00bb||on\u00bb custom_padding=\u00bb0px||0px|\u00bb prev_background_color=\u00bb#000000&#8243; next_background_color=\u00bb#000000&#8243;][et_pb_row _builder_version=\u00bb3.0.98&#8243; custom_margin=\u00bb0px|||\u00bb][et_pb_column type=\u00bb4_4&#8243;][et_pb_image admin_label=\u00bbImagen (BLOQUE SECCI\u00d3N M\u00d3VIL)\u00bb _builder_version=\u00bb3.0.101&#8243; src=\u00bbhttps:\/\/edaviation.net\/es\/wp-content\/uploads\/2018\/04\/EdAviation-repuestos-para-aviones-Valencia-Sobre-nosotros-3.jpg\u00bb show_in_lightbox=\u00bboff\u00bb url_new_window=\u00bboff\u00bb use_overlay=\u00bboff\u00bb always_center_on_mobile=\u00bbon\u00bb force_fullwidth=\u00bbon\u00bb show_bottom_space=\u00bbon\u00bb align=\u00bbleft\u00bb \/][et_pb_text admin_label=\u00bbCr\u00e9ditos imagen\u00bb _builder_version=\u00bb3.0.101&#8243; background_layout=\u00bbdark\u00bb custom_margin=\u00bb-65px|||\u00bb]<\/p>\n<p>\u00a9 Tom Storf<\/p>\n<p>[\/et_pb_text][et_pb_text _builder_version=\u00bb3.0.101&#8243; background_layout=\u00bblight\u00bb]<\/p>\n<h3 class=\"black-underline\">Una empresa que atiende tus necesidades<\/h3>\n<p>&nbsp;<\/p>\n<p>En ED Aviation contamos con un equipo de excelentes profesionales que nos permite garantizar la r\u00e1pida respuesta y asesorar en toma de decisiones.<\/p>\n<p>[\/et_pb_text][et_pb_text _builder_version=\u00bb3.0.101&#8243; background_layout=\u00bblight\u00bb custom_margin=\u00bb40px|||\u00bb]<\/p>\n<h3 class=\"black-underline\">Qu\u00e9 ofrecemos<\/h3>\n<p>&nbsp;<\/p>\n<p>Nuestras l\u00edneas de negocio son la distribuci\u00f3n de material civil aeron\u00e1utico, la ingenier\u00eda y el mantenimiento.<\/p>\n<p>[\/et_pb_text][et_pb_button _builder_version=\u00bb3.0.101&#8243; button_text=\u00bbDescargar presentaci\u00f3n\u00bb button_url=\u00bbhttps:\/\/edaviation.net\/es\/wp-content\/uploads\/2018\/04\/Presentation-About-EdAviation.pdf\u00bb url_new_window=\u00bbon\u00bb background_layout=\u00bblight\u00bb custom_button=\u00bboff\u00bb button_icon_placement=\u00bbright\u00bb button_alignment=\u00bbcenter\u00bb \/][\/et_pb_column][\/et_pb_row][\/et_pb_section][et_pb_section bb_built=\u00bb1&#8243; fullwidth=\u00bbon\u00bb specialty=\u00bboff\u00bb _builder_version=\u00bb3.0.101&#8243; custom_margin=\u00bb0px|0px|0px|0px\u00bb custom_padding=\u00bb0px|0px|0px|0px\u00bb prev_background_color=\u00bb#000000&#8243; disabled=\u00bboff\u00bb disabled_on=\u00bb||on\u00bb][et_pb_fullwidth_header _builder_version=\u00bb3.0.101&#8243; text_orientation=\u00bbcenter\u00bb header_fullscreen=\u00bboff\u00bb header_scroll_down=\u00bboff\u00bb image_orientation=\u00bbcenter\u00bb background_layout=\u00bblight\u00bb content_orientation=\u00bbcenter\u00bb custom_button_one=\u00bboff\u00bb button_one_icon_placement=\u00bbright\u00bb custom_button_two=\u00bboff\u00bb button_two_icon_placement=\u00bbright\u00bb]<\/p>\n<h2 style=\"text-align: center;\">Expertos en el campo de la aviaci\u00f3n<\/h2>\n<p>Nuestros principales clientes son las Aerol\u00edneas y Centros de Mantenimientos.<\/p>\n<p>[\/et_pb_fullwidth_header][\/et_pb_section]<\/p>\n","protected":false},"excerpt":{"rendered":"<p>[et_pb_section bb_built=\u00bb1&#8243; fullwidth=\u00bbon\u00bb specialty=\u00bboff\u00bb _builder_version=\u00bb3.0.101&#8243; background_image=\u00bbhttps:\/\/edaviation.net\/es\/wp-content\/uploads\/2018\/04\/EdAviation-banner-sobre-nosotros-2.jpg\u00bb next_background_color=\u00bb#000000&#8243; use_background_color_gradient=\u00bbon\u00bb background_color_gradient_start=\u00bbrgba(13,53,40,0.5)\u00bb background_color_gradient_end=\u00bbrgba(13,53,40,0.5)\u00bb background_color_gradient_direction=\u00bb360deg\u00bb background_color_gradient_overlays_image=\u00bbon\u00bb][et_pb_fullwidth_header admin_label=\u00bbT\u00edtulo sobre nosotros\u00bb _builder_version=\u00bb3.0.101&#8243; text_orientation=\u00bbcenter\u00bb header_fullscreen=\u00bboff\u00bb header_scroll_down=\u00bboff\u00bb image_orientation=\u00bbcenter\u00bb background_layout=\u00bblight\u00bb content_orientation=\u00bbcenter\u00bb custom_button_one=\u00bboff\u00bb button_one_icon_placement=\u00bbright\u00bb custom_button_two=\u00bboff\u00bb button_two_icon_placement=\u00bbright\u00bb title=\u00bb \u00bb disabled=\u00bboff\u00bb disabled_on=\u00bbon|on|\u00bb \/][et_pb_fullwidth_header admin_label=\u00bbT\u00edtulo de anchura completa M\u00d3VIL\u00bb _builder_version=\u00bb3.0.101&#8243; text_orientation=\u00bbleft\u00bb header_fullscreen=\u00bboff\u00bb header_scroll_down=\u00bboff\u00bb image_orientation=\u00bbcenter\u00bb background_layout=\u00bblight\u00bb content_orientation=\u00bbcenter\u00bb custom_button_one=\u00bboff\u00bb button_one_icon_placement=\u00bbright\u00bb custom_button_two=\u00bboff\u00bb button_two_icon_placement=\u00bbright\u00bb disabled=\u00bboff\u00bb disabled_on=\u00bb||on\u00bb] Sobre nosotros [\/et_pb_fullwidth_header][\/et_pb_section][et_pb_section bb_built=\u00bb1&#8243; fullwidth=\u00bbon\u00bb specialty=\u00bboff\u00bb [&hellip;]<\/p>\n","protected":false},"author":1,"featured_media":0,"parent":0,"menu_order":0,"comment_status":"closed","ping_status":"closed","template":"","meta":{"footnotes":""},"class_list":["post-204","page","type-page","status-publish","hentry"],"yoast_head":"<!-- This site is optimized with the Yoast SEO plugin v24.2 - https:\/\/yoast.com\/wordpress\/plugins\/seo\/ -->\n<title>Sobre nosotros | ED Aviation: Expertos en el campo de la aviaci\u00f3n<\/title>\n<meta name=\"description\" content=\"Con m\u00e1s de 20 a\u00f1os de experiencia en la industria aeron\u00e1utica, en 2013 decidimos fundar ED Aviation con el objetivo de convertirnos en una empresa referente en el sector de la aviaci\u00f3n comercial.\" \/>\n<meta name=\"robots\" content=\"noindex, follow, max-snippet:-1, max-image-preview:large, max-video-preview:-1\" \/>\n<meta property=\"og:locale\" content=\"es_ES\" \/>\n<meta property=\"og:type\" content=\"article\" \/>\n<meta property=\"og:title\" content=\"Sobre nosotros | ED Aviation: Expertos en el campo de la aviaci\u00f3n\" \/>\n<meta property=\"og:description\" content=\"Con m\u00e1s de 20 a\u00f1os de experiencia en la industria aeron\u00e1utica, en 2013 decidimos fundar ED Aviation con el objetivo de convertirnos en una empresa referente en el sector de la aviaci\u00f3n comercial.\" \/>\n<meta property=\"og:url\" content=\"https:\/\/edaviation.net\/es\/sobre-nosotros\/\" \/>\n<meta property=\"og:site_name\" content=\"ED Aviation\" \/>\n<meta property=\"article:modified_time\" content=\"2023-09-14T14:57:14+00:00\" \/>\n<meta name=\"twitter:card\" content=\"summary_large_image\" \/>\n<meta name=\"twitter:label1\" content=\"Tiempo de lectura\" \/>\n\t<meta name=\"twitter:data1\" content=\"6 minutos\" \/>\n<script type=\"application\/ld+json\" class=\"yoast-schema-graph\">{\"@context\":\"https:\/\/schema.org\",\"@graph\":[{\"@type\":\"WebPage\",\"@id\":\"https:\/\/edaviation.net\/es\/sobre-nosotros\/\",\"url\":\"https:\/\/edaviation.net\/es\/sobre-nosotros\/\",\"name\":\"Sobre nosotros | ED Aviation: Expertos en el campo de la aviaci\u00f3n\",\"isPartOf\":{\"@id\":\"https:\/\/edaviation.net\/es\/#website\"},\"datePublished\":\"2018-02-02T09:44:37+00:00\",\"dateModified\":\"2023-09-14T14:57:14+00:00\",\"description\":\"Con m\u00e1s de 20 a\u00f1os de experiencia en la industria aeron\u00e1utica, en 2013 decidimos fundar ED Aviation con el objetivo de convertirnos en una empresa referente en el sector de la aviaci\u00f3n comercial.\",\"breadcrumb\":{\"@id\":\"https:\/\/edaviation.net\/es\/sobre-nosotros\/#breadcrumb\"},\"inLanguage\":\"es\",\"potentialAction\":[{\"@type\":\"ReadAction\",\"target\":[\"https:\/\/edaviation.net\/es\/sobre-nosotros\/\"]}]},{\"@type\":\"BreadcrumbList\",\"@id\":\"https:\/\/edaviation.net\/es\/sobre-nosotros\/#breadcrumb\",\"itemListElement\":[{\"@type\":\"ListItem\",\"position\":1,\"name\":\"Portada\",\"item\":\"https:\/\/edaviation.net\/es\/\"},{\"@type\":\"ListItem\",\"position\":2,\"name\":\"Sobre nosotros\"}]},{\"@type\":\"WebSite\",\"@id\":\"https:\/\/edaviation.net\/es\/#website\",\"url\":\"https:\/\/edaviation.net\/es\/\",\"name\":\"ED Aviation\",\"description\":\"\",\"potentialAction\":[{\"@type\":\"SearchAction\",\"target\":{\"@type\":\"EntryPoint\",\"urlTemplate\":\"https:\/\/edaviation.net\/es\/?s={search_term_string}\"},\"query-input\":{\"@type\":\"PropertyValueSpecification\",\"valueRequired\":true,\"valueName\":\"search_term_string\"}}],\"inLanguage\":\"es\"}]}<\/script>\n<!-- \/ Yoast SEO plugin. -->","yoast_head_json":{"title":"Sobre nosotros | ED Aviation: Expertos en el campo de la aviaci\u00f3n","description":"Con m\u00e1s de 20 a\u00f1os de experiencia en la industria aeron\u00e1utica, en 2013 decidimos fundar ED Aviation con el objetivo de convertirnos en una empresa referente en el sector de la aviaci\u00f3n comercial.","robots":{"index":"noindex","follow":"follow","max-snippet":"max-snippet:-1","max-image-preview":"max-image-preview:large","max-video-preview":"max-video-preview:-1"},"og_locale":"es_ES","og_type":"article","og_title":"Sobre nosotros | ED Aviation: Expertos en el campo de la aviaci\u00f3n","og_description":"Con m\u00e1s de 20 a\u00f1os de experiencia en la industria aeron\u00e1utica, en 2013 decidimos fundar ED Aviation con el objetivo de convertirnos en una empresa referente en el sector de la aviaci\u00f3n comercial.","og_url":"https:\/\/edaviation.net\/es\/sobre-nosotros\/","og_site_name":"ED Aviation","article_modified_time":"2023-09-14T14:57:14+00:00","twitter_card":"summary_large_image","twitter_misc":{"Tiempo de lectura":"6 minutos"},"schema":{"@context":"https:\/\/schema.org","@graph":[{"@type":"WebPage","@id":"https:\/\/edaviation.net\/es\/sobre-nosotros\/","url":"https:\/\/edaviation.net\/es\/sobre-nosotros\/","name":"Sobre nosotros | ED Aviation: Expertos en el campo de la aviaci\u00f3n","isPartOf":{"@id":"https:\/\/edaviation.net\/es\/#website"},"datePublished":"2018-02-02T09:44:37+00:00","dateModified":"2023-09-14T14:57:14+00:00","description":"Con m\u00e1s de 20 a\u00f1os de experiencia en la industria aeron\u00e1utica, en 2013 decidimos fundar ED Aviation con el objetivo de convertirnos en una empresa referente en el sector de la aviaci\u00f3n comercial.","breadcrumb":{"@id":"https:\/\/edaviation.net\/es\/sobre-nosotros\/#breadcrumb"},"inLanguage":"es","potentialAction":[{"@type":"ReadAction","target":["https:\/\/edaviation.net\/es\/sobre-nosotros\/"]}]},{"@type":"BreadcrumbList","@id":"https:\/\/edaviation.net\/es\/sobre-nosotros\/#breadcrumb","itemListElement":[{"@type":"ListItem","position":1,"name":"Portada","item":"https:\/\/edaviation.net\/es\/"},{"@type":"ListItem","position":2,"name":"Sobre nosotros"}]},{"@type":"WebSite","@id":"https:\/\/edaviation.net\/es\/#website","url":"https:\/\/edaviation.net\/es\/","name":"ED Aviation","description":"","potentialAction":[{"@type":"SearchAction","target":{"@type":"EntryPoint","urlTemplate":"https:\/\/edaviation.net\/es\/?s={search_term_string}"},"query-input":{"@type":"PropertyValueSpecification","valueRequired":true,"valueName":"search_term_string"}}],"inLanguage":"es"}]}},"_links":{"self":[{"href":"https:\/\/edaviation.net\/es\/wp-json\/wp\/v2\/pages\/204","targetHints":{"allow":["GET"]}}],"collection":[{"href":"https:\/\/edaviation.net\/es\/wp-json\/wp\/v2\/pages"}],"about":[{"href":"https:\/\/edaviation.net\/es\/wp-json\/wp\/v2\/types\/page"}],"author":[{"embeddable":true,"href":"https:\/\/edaviation.net\/es\/wp-json\/wp\/v2\/users\/1"}],"replies":[{"embeddable":true,"href":"https:\/\/edaviation.net\/es\/wp-json\/wp\/v2\/comments?post=204"}],"version-history":[{"count":97,"href":"https:\/\/edaviation.net\/es\/wp-json\/wp\/v2\/pages\/204\/revisions"}],"predecessor-version":[{"id":749,"href":"https:\/\/edaviation.net\/es\/wp-json\/wp\/v2\/pages\/204\/revisions\/749"}],"wp:attachment":[{"href":"https:\/\/edaviation.net\/es\/wp-json\/wp\/v2\/media?parent=204"}],"curies":[{"name":"wp","href":"https:\/\/api.w.org\/{rel}","templated":true}]}}