{"id":152,"date":"2018-02-01T10:48:37","date_gmt":"2018-02-01T09:48:37","guid":{"rendered":"http:\/\/edaviation.net\/es\/?page_id=152"},"modified":"2023-09-14T16:52:04","modified_gmt":"2023-09-14T14:52:04","slug":"contacto","status":"publish","type":"page","link":"https:\/\/edaviation.net\/es\/contacto\/","title":{"rendered":"Contacto"},"content":{"rendered":"<p>[et_pb_section bb_built=\u00bb1&#8243; fullwidth=\u00bbon\u00bb specialty=\u00bboff\u00bb _builder_version=\u00bb3.0.101&#8243; background_image=\u00bbhttps:\/\/edaviation.net\/es\/wp-content\/uploads\/2018\/04\/EdAviation-banner-contacto.jpg\u00bb next_background_color=\u00bb#fafafa\u00bb use_background_color_gradient=\u00bbon\u00bb background_color_gradient_start=\u00bbrgba(13,53,40,0.5)\u00bb background_color_gradient_end=\u00bbrgba(13,53,40,0.5)\u00bb background_color_gradient_overlays_image=\u00bbon\u00bb][et_pb_fullwidth_header _builder_version=\u00bb3.0.101&#8243; title=\u00bbContacta con nosotros\u00bb text_orientation=\u00bbcenter\u00bb header_fullscreen=\u00bboff\u00bb header_scroll_down=\u00bboff\u00bb image_orientation=\u00bbcenter\u00bb background_layout=\u00bblight\u00bb content_orientation=\u00bbcenter\u00bb custom_button_one=\u00bboff\u00bb button_one_icon_placement=\u00bbright\u00bb custom_button_two=\u00bboff\u00bb button_two_icon_placement=\u00bbright\u00bb disabled=\u00bboff\u00bb disabled_on=\u00bbon|on|\u00bb \/][et_pb_fullwidth_header admin_label=\u00bbT\u00edtulo de anchura completa M\u00d3VIL\u00bb _builder_version=\u00bb3.0.101&#8243; text_orientation=\u00bbleft\u00bb header_fullscreen=\u00bboff\u00bb header_scroll_down=\u00bboff\u00bb image_orientation=\u00bbcenter\u00bb background_layout=\u00bblight\u00bb content_orientation=\u00bbcenter\u00bb custom_button_one=\u00bboff\u00bb button_one_icon_placement=\u00bbright\u00bb custom_button_two=\u00bboff\u00bb button_two_icon_placement=\u00bbright\u00bb disabled=\u00bboff\u00bb disabled_on=\u00bb||on\u00bb saved_tabs=\u00bball\u00bb]<\/p>\n<h1 id=\"titulo-movil\">Contacta con nosotros<\/h1>\n<p>[\/et_pb_fullwidth_header][\/et_pb_section][et_pb_section bb_built=\u00bb1&#8243; prev_background_color=\u00bb#ffffff\u00bb next_background_color=\u00bb#ffffff\u00bb _builder_version=\u00bb3.0.101&#8243; background_color=\u00bb#fafafa\u00bb][et_pb_row][et_pb_column type=\u00bb1_2&#8243;][et_pb_text _builder_version=\u00bb3.0.98&#8243; background_layout=\u00bblight\u00bb]<\/p>\n<h3>D\u00f3nde encontrarnos<\/h3>\n<p>&nbsp;<\/p>\n<p>Puedes contactarnos a trav\u00e9s de los siguientes medios:<\/p>\n<p><strong>Direcci\u00f3n:<\/strong><br \/>\nCalle Maestro Serrano 39,<br \/>\n46940 Manises, Valencia Espa\u00f1a<\/p>\n<p><strong>Tel:<\/strong><br \/>\n<a href=\"tel:+34%20961%2010%2028%2002\" target=\"_blank\" rel=\"noopener\">+34 961102802<\/a><\/p>\n<p><strong>Consultas generales:<\/strong><br \/>\n<a href=\"mailto:info@edaviation.net\" target=\"_blank\" rel=\"noopener\">info@edaviation.net<\/a><\/p>\n<p><strong>Cotizaciones:<\/strong><br \/>\n<a href=\"mailto:sales@edaviation.net\" target=\"_blank\" rel=\"noopener\">sales@edaviation.net<\/a><\/p>\n<p>[\/et_pb_text][\/et_pb_column][et_pb_column type=\u00bb1_2&#8243;][et_pb_text _builder_version=\u00bb3.0.98&#8243; background_layout=\u00bblight\u00bb]<\/p>\n<h3>Rellena el siguiente formulario<\/h3>\n<p>&nbsp;<\/p>\n<p>Nos pondremos en contacto contigo a la mayor brevedad posible.<\/p>\n<p>[\/et_pb_text][et_pb_contact_form _builder_version=\u00bb3.0.98&#8243; captcha=\u00bbon\u00bb use_redirect=\u00bboff\u00bb custom_button=\u00bboff\u00bb button_icon_placement=\u00bbright\u00bb email=\u00bbinfo@edaviation.net\u00bb][et_pb_contact_field field_title=\u00bbTu nombre*\u00bb field_type=\u00bbinput\u00bb field_id=\u00bbNombre\u00bb required_mark=\u00bbon\u00bb fullwidth_field=\u00bboff\u00bb _builder_version=\u00bb3.0.98&#8243; checkbox_checked=\u00bboff\u00bb checkbox_options=\u00bb%91{%22value%22:%22Nombre%22,%22checked%22:0}%93&#8243; radio_options=\u00bb%91{%22value%22:%22Nombre%22,%22checked%22:0}%93&#8243; select_options=\u00bb%91{%22value%22:%22Nombre%22,%22checked%22:0}%93&#8243; min_length=\u00bb0&#8243; max_length=\u00bb0&#8243; allowed_symbols=\u00bball\u00bb conditional_logic=\u00bboff\u00bb conditional_logic_relation=\u00bboff\u00bb conditional_logic_rules=\u00bb%91{%22field%22:%22email%22,%22condition%22:%22is%22,%22value%22:%22%22}%93&#8243; use_background_color_gradient=\u00bboff\u00bb background_color_gradient_start=\u00bb#2b87da\u00bb background_color_gradient_end=\u00bb#29c4a9&#8243; background_color_gradient_type=\u00bblinear\u00bb background_color_gradient_direction=\u00bb180deg\u00bb background_color_gradient_direction_radial=\u00bbcenter\u00bb background_color_gradient_start_position=\u00bb0%\u00bb background_color_gradient_end_position=\u00bb100%\u00bb background_color_gradient_overlays_image=\u00bboff\u00bb parallax=\u00bboff\u00bb parallax_method=\u00bbon\u00bb background_size=\u00bbcover\u00bb background_position=\u00bbcenter\u00bb background_repeat=\u00bbno-repeat\u00bb background_blend=\u00bbnormal\u00bb allow_player_pause=\u00bboff\u00bb form_field_text_shadow_style=\u00bbnone\u00bb box_shadow_style=\u00bbnone\u00bb \/][et_pb_contact_field field_title=\u00bbTu mail*\u00bb field_type=\u00bbemail\u00bb field_id=\u00bbEmail\u00bb required_mark=\u00bbon\u00bb fullwidth_field=\u00bboff\u00bb _builder_version=\u00bb3.0.98&#8243; checkbox_checked=\u00bboff\u00bb checkbox_options=\u00bb%91{%22value%22:%22Direcci\u00f3n de correo electr\u00f3nico%22,%22checked%22:0}%93&#8243; radio_options=\u00bb%91{%22value%22:%22Direcci\u00f3n de correo electr\u00f3nico%22,%22checked%22:0}%93&#8243; select_options=\u00bb%91{%22value%22:%22Direcci\u00f3n de correo electr\u00f3nico%22,%22checked%22:0}%93&#8243; min_length=\u00bb0&#8243; max_length=\u00bb0&#8243; allowed_symbols=\u00bball\u00bb conditional_logic=\u00bboff\u00bb conditional_logic_relation=\u00bboff\u00bb conditional_logic_rules=\u00bb%91{%22field%22:%22nombre%22,%22condition%22:%22is%22,%22value%22:%22%22}%93&#8243; use_background_color_gradient=\u00bboff\u00bb background_color_gradient_start=\u00bb#2b87da\u00bb background_color_gradient_end=\u00bb#29c4a9&#8243; background_color_gradient_type=\u00bblinear\u00bb background_color_gradient_direction=\u00bb180deg\u00bb background_color_gradient_direction_radial=\u00bbcenter\u00bb background_color_gradient_start_position=\u00bb0%\u00bb background_color_gradient_end_position=\u00bb100%\u00bb background_color_gradient_overlays_image=\u00bboff\u00bb parallax=\u00bboff\u00bb parallax_method=\u00bbon\u00bb background_size=\u00bbcover\u00bb background_position=\u00bbcenter\u00bb background_repeat=\u00bbno-repeat\u00bb background_blend=\u00bbnormal\u00bb allow_player_pause=\u00bboff\u00bb form_field_text_shadow_style=\u00bbnone\u00bb box_shadow_style=\u00bbnone\u00bb \/][et_pb_contact_field field_title=\u00bbTu mensaje&#8230;\u00bb field_type=\u00bbtext\u00bb field_id=\u00bbMessage\u00bb required_mark=\u00bbon\u00bb fullwidth_field=\u00bbon\u00bb _builder_version=\u00bb3.0.98&#8243; checkbox_checked=\u00bboff\u00bb checkbox_options=\u00bb%91{%22value%22:%22Mensaje%22,%22checked%22:0}%93&#8243; radio_options=\u00bb%91{%22value%22:%22Mensaje%22,%22checked%22:0}%93&#8243; select_options=\u00bb%91{%22value%22:%22Mensaje%22,%22checked%22:0}%93&#8243; min_length=\u00bb0&#8243; max_length=\u00bb0&#8243; allowed_symbols=\u00bball\u00bb conditional_logic=\u00bboff\u00bb conditional_logic_relation=\u00bboff\u00bb conditional_logic_rules=\u00bb%91{%22field%22:%22nombre%22,%22condition%22:%22is%22,%22value%22:%22%22}%93&#8243; use_background_color_gradient=\u00bboff\u00bb background_color_gradient_start=\u00bb#2b87da\u00bb background_color_gradient_end=\u00bb#29c4a9&#8243; background_color_gradient_type=\u00bblinear\u00bb background_color_gradient_direction=\u00bb180deg\u00bb background_color_gradient_direction_radial=\u00bbcenter\u00bb background_color_gradient_start_position=\u00bb0%\u00bb background_color_gradient_end_position=\u00bb100%\u00bb background_color_gradient_overlays_image=\u00bboff\u00bb parallax=\u00bboff\u00bb parallax_method=\u00bbon\u00bb background_size=\u00bbcover\u00bb background_position=\u00bbcenter\u00bb background_repeat=\u00bbno-repeat\u00bb background_blend=\u00bbnormal\u00bb allow_player_pause=\u00bboff\u00bb form_field_text_shadow_style=\u00bbnone\u00bb box_shadow_style=\u00bbnone\u00bb \/][\/et_pb_contact_form][\/et_pb_column][\/et_pb_row][\/et_pb_section][et_pb_section bb_built=\u00bb1&#8243; fullwidth=\u00bboff\u00bb specialty=\u00bboff\u00bb _builder_version=\u00bb3.0.98&#8243; inner_shadow=\u00bbon\u00bb custom_margin=\u00bb0px|0px|0px|0px\u00bb custom_padding=\u00bb0px|0px|0px|0px\u00bb prev_background_color=\u00bb#fafafa\u00bb][et_pb_row _builder_version=\u00bb3.0.98&#8243; make_fullwidth=\u00bbon\u00bb use_custom_width=\u00bbon\u00bb custom_width_px=\u00bb2600px\u00bb width_unit=\u00bboff\u00bb custom_width_percent=\u00bb100%\u00bb custom_margin=\u00bb0px|0px|0px|0px\u00bb custom_padding=\u00bb0px|0px|0px|0px\u00bb][et_pb_column type=\u00bb4_4&#8243;][et_pb_map _builder_version=\u00bb3.0.98&#8243; address=\u00bbCarrer de Catarroja, 1, 46940 Manises, Valencia, Espa\u00f1a\u00bb address_lat=\u00bb39.487183&#8243; address_lng=\u00bb-0.4659470000000283&#8243; mouse_wheel=\u00bboff\u00bb mobile_dragging=\u00bbon\u00bb use_grayscale_filter=\u00bboff\u00bb disabled=\u00bbon\u00bb disabled_on=\u00bbon|on|on\u00bb][et_pb_map_pin _builder_version=\u00bb3.0.98&#8243; pin_address=\u00bbCarrer de Catarroja, 1, 46940 Manises, Valencia, Espa\u00f1a\u00bb pin_address_lat=\u00bb39.487183&#8243; pin_address_lng=\u00bb-0.4659470000000283&#8243; \/][\/et_pb_map][et_pb_text _builder_version=\u00bb3.0.98&#8243; background_layout=\u00bblight\u00bb]<\/p>\n<p><iframe loading=\"lazy\" style=\"border: 0;\" src=\"https:\/\/www.google.com\/maps\/embed?pb=!1m18!1m12!1m3!1d7374.464230937156!2d-0.46854943432627516!3d39.488210492253614!2m3!1f0!2f0!3f0!3m2!1i1024!2i768!4f13.1!3m3!1m2!1s0xd605aa0e9289b4f%3A0xb5dd06f68dd92cb8!2sCarrer+de+Catarroja%2C+1%2C+46940+Manises%2C+Val%C3%A8ncia!5e0!3m2!1ses-419!2ses!4v1529407354037\" width=\"100%\" height=\"450px\" frameborder=\"0\" allowfullscreen=\"allowfullscreen\"><\/iframe><\/p>\n<p>[\/et_pb_text][\/et_pb_column][\/et_pb_row][\/et_pb_section]<\/p>\n","protected":false},"excerpt":{"rendered":"<p>[et_pb_section bb_built=\u00bb1&#8243; fullwidth=\u00bbon\u00bb specialty=\u00bboff\u00bb _builder_version=\u00bb3.0.101&#8243; background_image=\u00bbhttps:\/\/edaviation.net\/es\/wp-content\/uploads\/2018\/04\/EdAviation-banner-contacto.jpg\u00bb next_background_color=\u00bb#fafafa\u00bb use_background_color_gradient=\u00bbon\u00bb background_color_gradient_start=\u00bbrgba(13,53,40,0.5)\u00bb background_color_gradient_end=\u00bbrgba(13,53,40,0.5)\u00bb background_color_gradient_overlays_image=\u00bbon\u00bb][et_pb_fullwidth_header _builder_version=\u00bb3.0.101&#8243; title=\u00bbContacta con nosotros\u00bb text_orientation=\u00bbcenter\u00bb header_fullscreen=\u00bboff\u00bb header_scroll_down=\u00bboff\u00bb image_orientation=\u00bbcenter\u00bb background_layout=\u00bblight\u00bb content_orientation=\u00bbcenter\u00bb custom_button_one=\u00bboff\u00bb button_one_icon_placement=\u00bbright\u00bb custom_button_two=\u00bboff\u00bb button_two_icon_placement=\u00bbright\u00bb disabled=\u00bboff\u00bb disabled_on=\u00bbon|on|\u00bb \/][et_pb_fullwidth_header admin_label=\u00bbT\u00edtulo de anchura completa M\u00d3VIL\u00bb _builder_version=\u00bb3.0.101&#8243; text_orientation=\u00bbleft\u00bb header_fullscreen=\u00bboff\u00bb header_scroll_down=\u00bboff\u00bb image_orientation=\u00bbcenter\u00bb background_layout=\u00bblight\u00bb content_orientation=\u00bbcenter\u00bb custom_button_one=\u00bboff\u00bb button_one_icon_placement=\u00bbright\u00bb custom_button_two=\u00bboff\u00bb button_two_icon_placement=\u00bbright\u00bb disabled=\u00bboff\u00bb disabled_on=\u00bb||on\u00bb saved_tabs=\u00bball\u00bb] Contacta con nosotros [\/et_pb_fullwidth_header][\/et_pb_section][et_pb_section bb_built=\u00bb1&#8243; prev_background_color=\u00bb#ffffff\u00bb next_background_color=\u00bb#ffffff\u00bb _builder_version=\u00bb3.0.101&#8243; [&hellip;]<\/p>\n","protected":false},"author":1,"featured_media":0,"parent":0,"menu_order":0,"comment_status":"closed","ping_status":"closed","template":"","meta":{"footnotes":""},"class_list":["post-152","page","type-page","status-publish","hentry"],"yoast_head":"<!-- This site is optimized with the Yoast SEO plugin v24.2 - https:\/\/yoast.com\/wordpress\/plugins\/seo\/ -->\n<title>Contacto ED Aviation | Expertos en la industria aeron\u00e1utica<\/title>\n<meta name=\"description\" content=\"Contacto ED Aviarion, expertos en la industria aeron\u00e1utica. Distribuci\u00f3n, mantenimiento e ingenier\u00eda de material civil aeron\u00e1utico. Tel\u00e9fono: 961102802. info@edaviation.net\" \/>\n<meta name=\"robots\" content=\"noindex, follow, max-snippet:-1, max-image-preview:large, max-video-preview:-1\" \/>\n<meta property=\"og:locale\" content=\"es_ES\" \/>\n<meta property=\"og:type\" content=\"article\" \/>\n<meta property=\"og:title\" content=\"Contacto ED Aviation | Expertos en la industria aeron\u00e1utica\" \/>\n<meta property=\"og:description\" content=\"Contacto ED Aviarion, expertos en la industria aeron\u00e1utica. Distribuci\u00f3n, mantenimiento e ingenier\u00eda de material civil aeron\u00e1utico. Tel\u00e9fono: 961102802. info@edaviation.net\" \/>\n<meta property=\"og:url\" content=\"https:\/\/edaviation.net\/es\/contacto\/\" \/>\n<meta property=\"og:site_name\" content=\"ED Aviation\" \/>\n<meta property=\"article:modified_time\" content=\"2023-09-14T14:52:04+00:00\" \/>\n<meta name=\"twitter:card\" content=\"summary_large_image\" \/>\n<meta name=\"twitter:label1\" content=\"Tiempo de lectura\" \/>\n\t<meta name=\"twitter:data1\" content=\"4 minutos\" \/>\n<script type=\"application\/ld+json\" class=\"yoast-schema-graph\">{\"@context\":\"https:\/\/schema.org\",\"@graph\":[{\"@type\":\"WebPage\",\"@id\":\"https:\/\/edaviation.net\/es\/contacto\/\",\"url\":\"https:\/\/edaviation.net\/es\/contacto\/\",\"name\":\"Contacto ED Aviation | Expertos en la industria aeron\u00e1utica\",\"isPartOf\":{\"@id\":\"https:\/\/edaviation.net\/es\/#website\"},\"datePublished\":\"2018-02-01T09:48:37+00:00\",\"dateModified\":\"2023-09-14T14:52:04+00:00\",\"description\":\"Contacto ED Aviarion, expertos en la industria aeron\u00e1utica. Distribuci\u00f3n, mantenimiento e ingenier\u00eda de material civil aeron\u00e1utico. Tel\u00e9fono: 961102802. info@edaviation.net\",\"breadcrumb\":{\"@id\":\"https:\/\/edaviation.net\/es\/contacto\/#breadcrumb\"},\"inLanguage\":\"es\",\"potentialAction\":[{\"@type\":\"ReadAction\",\"target\":[\"https:\/\/edaviation.net\/es\/contacto\/\"]}]},{\"@type\":\"BreadcrumbList\",\"@id\":\"https:\/\/edaviation.net\/es\/contacto\/#breadcrumb\",\"itemListElement\":[{\"@type\":\"ListItem\",\"position\":1,\"name\":\"Portada\",\"item\":\"https:\/\/edaviation.net\/es\/\"},{\"@type\":\"ListItem\",\"position\":2,\"name\":\"Contacto\"}]},{\"@type\":\"WebSite\",\"@id\":\"https:\/\/edaviation.net\/es\/#website\",\"url\":\"https:\/\/edaviation.net\/es\/\",\"name\":\"ED Aviation\",\"description\":\"\",\"potentialAction\":[{\"@type\":\"SearchAction\",\"target\":{\"@type\":\"EntryPoint\",\"urlTemplate\":\"https:\/\/edaviation.net\/es\/?s={search_term_string}\"},\"query-input\":{\"@type\":\"PropertyValueSpecification\",\"valueRequired\":true,\"valueName\":\"search_term_string\"}}],\"inLanguage\":\"es\"}]}<\/script>\n<!-- \/ Yoast SEO plugin. -->","yoast_head_json":{"title":"Contacto ED Aviation | Expertos en la industria aeron\u00e1utica","description":"Contacto ED Aviarion, expertos en la industria aeron\u00e1utica. Distribuci\u00f3n, mantenimiento e ingenier\u00eda de material civil aeron\u00e1utico. Tel\u00e9fono: 961102802. info@edaviation.net","robots":{"index":"noindex","follow":"follow","max-snippet":"max-snippet:-1","max-image-preview":"max-image-preview:large","max-video-preview":"max-video-preview:-1"},"og_locale":"es_ES","og_type":"article","og_title":"Contacto ED Aviation | Expertos en la industria aeron\u00e1utica","og_description":"Contacto ED Aviarion, expertos en la industria aeron\u00e1utica. Distribuci\u00f3n, mantenimiento e ingenier\u00eda de material civil aeron\u00e1utico. Tel\u00e9fono: 961102802. info@edaviation.net","og_url":"https:\/\/edaviation.net\/es\/contacto\/","og_site_name":"ED Aviation","article_modified_time":"2023-09-14T14:52:04+00:00","twitter_card":"summary_large_image","twitter_misc":{"Tiempo de lectura":"4 minutos"},"schema":{"@context":"https:\/\/schema.org","@graph":[{"@type":"WebPage","@id":"https:\/\/edaviation.net\/es\/contacto\/","url":"https:\/\/edaviation.net\/es\/contacto\/","name":"Contacto ED Aviation | Expertos en la industria aeron\u00e1utica","isPartOf":{"@id":"https:\/\/edaviation.net\/es\/#website"},"datePublished":"2018-02-01T09:48:37+00:00","dateModified":"2023-09-14T14:52:04+00:00","description":"Contacto ED Aviarion, expertos en la industria aeron\u00e1utica. Distribuci\u00f3n, mantenimiento e ingenier\u00eda de material civil aeron\u00e1utico. Tel\u00e9fono: 961102802. info@edaviation.net","breadcrumb":{"@id":"https:\/\/edaviation.net\/es\/contacto\/#breadcrumb"},"inLanguage":"es","potentialAction":[{"@type":"ReadAction","target":["https:\/\/edaviation.net\/es\/contacto\/"]}]},{"@type":"BreadcrumbList","@id":"https:\/\/edaviation.net\/es\/contacto\/#breadcrumb","itemListElement":[{"@type":"ListItem","position":1,"name":"Portada","item":"https:\/\/edaviation.net\/es\/"},{"@type":"ListItem","position":2,"name":"Contacto"}]},{"@type":"WebSite","@id":"https:\/\/edaviation.net\/es\/#website","url":"https:\/\/edaviation.net\/es\/","name":"ED Aviation","description":"","potentialAction":[{"@type":"SearchAction","target":{"@type":"EntryPoint","urlTemplate":"https:\/\/edaviation.net\/es\/?s={search_term_string}"},"query-input":{"@type":"PropertyValueSpecification","valueRequired":true,"valueName":"search_term_string"}}],"inLanguage":"es"}]}},"_links":{"self":[{"href":"https:\/\/edaviation.net\/es\/wp-json\/wp\/v2\/pages\/152","targetHints":{"allow":["GET"]}}],"collection":[{"href":"https:\/\/edaviation.net\/es\/wp-json\/wp\/v2\/pages"}],"about":[{"href":"https:\/\/edaviation.net\/es\/wp-json\/wp\/v2\/types\/page"}],"author":[{"embeddable":true,"href":"https:\/\/edaviation.net\/es\/wp-json\/wp\/v2\/users\/1"}],"replies":[{"embeddable":true,"href":"https:\/\/edaviation.net\/es\/wp-json\/wp\/v2\/comments?post=152"}],"version-history":[{"count":37,"href":"https:\/\/edaviation.net\/es\/wp-json\/wp\/v2\/pages\/152\/revisions"}],"predecessor-version":[{"id":752,"href":"https:\/\/edaviation.net\/es\/wp-json\/wp\/v2\/pages\/152\/revisions\/752"}],"wp:attachment":[{"href":"https:\/\/edaviation.net\/es\/wp-json\/wp\/v2\/media?parent=152"}],"curies":[{"name":"wp","href":"https:\/\/api.w.org\/{rel}","templated":true}]}}